{"id":1898,"date":"2015-09-21T06:45:41","date_gmt":"2015-09-21T06:45:41","guid":{"rendered":"http:\/\/grabanow.tau.pl\/wp\/?page_id=1898"},"modified":"2018-01-12T06:50:00","modified_gmt":"2018-01-12T06:50:00","slug":"przyjaciele-szkoly-3","status":"publish","type":"page","link":"http:\/\/grabanow.tau.pl\/wp\/?page_id=1898","title":{"rendered":"Przyjaciele Szko\u0142y"},"content":{"rendered":"<p>&nbsp;<\/p>\n<ul>\n<li><span style=\"color: #800000; font-size: 10pt;\"><strong>Hotel POLONIA Krzysztof Dobrowolski i Bogdan Pawluczuk\u00a0<\/strong><\/span><\/li>\n<li><span style=\"color: #800000; font-size: 10pt;\"><strong>Lasy Pa\u0144stwowe Nadle\u015bnictwo Mi\u0119dzyrzec Podlaski\u00a0<\/strong><\/span><\/li>\n<li><span style=\"color: #800000; font-size: 10pt;\"><strong>Radny Gminy Bia\u0142a Podlaska Tomasz Wo\u0142owik<\/strong><\/span><\/li>\n<li><span style=\"color: #800000; font-size: 10pt;\"><strong>Bank Sp\u00f3\u0142dzielczy Bia\u0142a Podlaska<\/strong><\/span><\/li>\n<li><span style=\"color: #800000; font-size: 10pt;\"><strong>IZTRANS Grzegorz Sa\u0142ata\u00a0<\/strong><\/span><\/li>\n<li><span style=\"color: #800000; font-size: 10pt;\"><strong>Us\u0142ugi \u015alusarskie Leszek Peszuk\u00a0<\/strong><\/span><\/li>\n<li><span style=\"color: #800000; font-size: 10pt;\"><strong>Podlasie Oil \u0141ukasz Kredens\u00a0<\/strong><\/span><\/li>\n<li><span style=\"color: #800000; font-size: 10pt;\"><strong>ks. kanonik Marian Daniluk<\/strong><\/span><\/li>\n<li><span style=\"color: #800000; font-size: 10pt;\"><strong>Urszula Zajko<br \/>\n<\/strong><\/span><\/li>\n<li><span style=\"color: #800000; font-size: 10pt;\"><strong>Biuro Obs\u0142ugi nieruchomo\u015bci Zalewscy sp\u00f3\u0142ka Jawna\u00a0<\/strong><\/span><\/li>\n<li><span style=\"color: #800000; font-size: 10pt;\"><strong>Biuro Rachunkowe Justyna Hawryluk\u00a0<\/strong><\/span><\/li>\n<li><span style=\"color: #800000; font-size: 10pt;\"><strong>Firma SARIS\u00a0<\/strong><\/span><\/li>\n<li><span style=\"color: #800000; font-size: 10pt;\"><strong>Anna Zerynger, Marek Zerynger\u00a0<\/strong><\/span><\/li>\n<li><span style=\"color: #800000; font-size: 10pt;\"><strong>Firma ELMAR Lesiuk<\/strong><\/span><\/li>\n<li><span style=\"color: #800000; font-size: 10pt;\"><strong>Jacek Bielecki\u00a0 Firma A2<\/strong><\/span><\/li>\n<li><span style=\"color: #800000; font-size: 10pt;\"><strong>Rados\u0142aw \u0141aski Drukarnia KWADRAT\u00a0<\/strong><\/span><\/li>\n<li><span style=\"color: #800000; font-size: 10pt;\"><strong>Jacek \u0141aski<\/strong><\/span><\/li>\n<li><span style=\"color: #800000; font-size: 10pt;\"><strong>Wojciech Szucki\u00a0<\/strong><\/span><\/li>\n<li><span style=\"font-size: 10pt;\"><strong><span style=\"color: #800000;\">Biasov Game<\/span><\/strong><\/span><\/li>\n<\/ul>\n","protected":false},"excerpt":{"rendered":"<p>&nbsp; Hotel POLONIA Krzysztof Dobrowolski i Bogdan Pawluczuk\u00a0 Lasy Pa\u0144stwowe Nadle\u015bnictwo Mi\u0119dzyrzec Podlaski\u00a0 Radny Gminy Bia\u0142a Podlaska Tomasz Wo\u0142owik Bank Sp\u00f3\u0142dzielczy Bia\u0142a Podlaska IZTRANS Grzegorz Sa\u0142ata\u00a0 Us\u0142ugi \u015alusarskie Leszek Peszuk\u00a0 Podlasie Oil \u0141ukasz Kredens\u00a0 ks. kanonik Marian Daniluk Urszula Zajko Biuro Obs\u0142ugi nieruchomo\u015bci Zalewscy sp\u00f3\u0142ka Jawna\u00a0 Biuro Rachunkowe Justyna Hawryluk\u00a0 Firma SARIS\u00a0 Anna Zerynger, Marek &hellip; <\/p>\n<p><a class=\"more-link btn\" href=\"http:\/\/grabanow.tau.pl\/wp\/?page_id=1898\">Kontynuuj czytanie<\/a><\/p>\n","protected":false},"author":1,"featured_media":0,"parent":0,"menu_order":0,"comment_status":"open","ping_status":"open","template":"","meta":[],"_links":{"self":[{"href":"http:\/\/grabanow.tau.pl\/wp\/index.php?rest_route=\/wp\/v2\/pages\/1898"}],"collection":[{"href":"http:\/\/grabanow.tau.pl\/wp\/index.php?rest_route=\/wp\/v2\/pages"}],"about":[{"href":"http:\/\/grabanow.tau.pl\/wp\/index.php?rest_route=\/wp\/v2\/types\/page"}],"author":[{"embeddable":true,"href":"http:\/\/grabanow.tau.pl\/wp\/index.php?rest_route=\/wp\/v2\/users\/1"}],"replies":[{"embeddable":true,"href":"http:\/\/grabanow.tau.pl\/wp\/index.php?rest_route=%2Fwp%2Fv2%2Fcomments&post=1898"}],"version-history":[{"count":8,"href":"http:\/\/grabanow.tau.pl\/wp\/index.php?rest_route=\/wp\/v2\/pages\/1898\/revisions"}],"predecessor-version":[{"id":4754,"href":"http:\/\/grabanow.tau.pl\/wp\/index.php?rest_route=\/wp\/v2\/pages\/1898\/revisions\/4754"}],"wp:attachment":[{"href":"http:\/\/grabanow.tau.pl\/wp\/index.php?rest_route=%2Fwp%2Fv2%2Fmedia&parent=1898"}],"curies":[{"name":"wp","href":"https:\/\/api.w.org\/{rel}","templated":true}]}}