{"id":19,"date":"2014-11-24T11:49:58","date_gmt":"2014-11-24T11:49:58","guid":{"rendered":"http:\/\/grabanow.tau.pl\/wp\/?page_id=19"},"modified":"2014-11-24T15:09:45","modified_gmt":"2014-11-24T15:09:45","slug":"o-nas","status":"publish","type":"page","link":"http:\/\/grabanow.tau.pl\/wp\/?page_id=19","title":{"rendered":"O nas"},"content":{"rendered":"<p><img decoding=\"async\" src=\"http:\/\/grabanow.tau.pl\/img\/prez8.png\" alt=\"\" \/>Graban\u00f3w to wie\u015b le\u017c\u0105ca w gminie Bia\u0142a Podlaska. Na jej pocz\u0105tku, przy rozstaju dr\u00f3g, stoi znany wszystkim mieszka\u0144com krzy\u017c.<br \/>\nDodatni przyrost naturalny zapewniaj\u0105 mieszka\u0144com bociany bia\u0142e, kt\u00f3re za\u0142o\u017cy\u0142y tu a\u017c cztery gniazda i co roku wyprowadzaj\u0105 swoje m\u0142ode.<br \/>\n<img decoding=\"async\" src=\"http:\/\/grabanow.tau.pl\/img\/prez1.png\" alt=\"\" \/><\/p>\n<p>Dzieci mieszka\u0144c\u00f3w maj\u0105 zapewnione doskona\u0142e warunki rozwoju dzi\u0119ki ucz\u0119szczaniu do nowoczesnej szko\u0142y. Wybudowano j\u0105 w latach sze\u015b\u0107dziesi\u0105tych w czynie spo\u0142ecznym. W roku 2008 zosta\u0142a rozbudowana, odnowiona i wyposa\u017cona w sal\u0119 gimnastyczn\u0105.<br \/>\n<img decoding=\"async\" src=\"http:\/\/grabanow.tau.pl\/img\/prez7.png\" alt=\"\" \/>Naturaln\u0105 granic\u0119 mi\u0119dzy Bia\u0142\u0105 Podlask\u0105, a Grabanowem stanowi rzeka Kluk\u00f3wka o d\u0142ugo\u015bci 32 kilometr\u00f3w, kt\u00f3ra ma \u017ar\u00f3d\u0142a w okolicach Zieni w gminie Huszlew. W jej czystych wodach wyst\u0119puje bogata flora i fauna. Zimuj\u0105 tu nawet raki.<\/p>\n<p><img decoding=\"async\" src=\"http:\/\/grabanow.tau.pl\/img\/prez6.png\" alt=\"\" \/><\/p>\n<p>Naturalne krajobrazy p\u00f3l, \u0142\u0105k i dr\u00f3g maj\u0105 wiele uroku. Mimo, \u017ce s\u0105 charakterystyczne dla wielu okolic Podlasia, to dla nas \u2013 mieszka\u0144c\u00f3w Grabanowa \u2013 b\u0119d\u0105 wyj\u0105tkowe.<br \/>\n<img decoding=\"async\" src=\"http:\/\/grabanow.tau.pl\/img\/prez4.png\" alt=\"\" \/><br \/>\nCo roku, na pocz\u0105tku czerwca w Grabanowie odbywa si\u0119 festyn w ramach otwartych drzwi Lubelskiego O\u015brodka Dworactwa Rolniczego. Mo\u017cna tam mi\u0119dzy innymi kupi\u0107 plon pracy pszcz\u00f3\u0142 z pasieki o\u015brodka.<\/p>\n<p><img decoding=\"async\" src=\"http:\/\/grabanow.tau.pl\/img\/prez5.png\" alt=\"\" \/><\/p>\n<p>Mie\u015bci si\u0119 on w dworze powsta\u0142ym pod koniec osiemnastego wieku, za\u0142o\u017conym na gruntach maj\u0105tku Radziwi\u0142\u0142\u00f3w w Roskoszy jako folwark pe\u0142ni\u0105cy rol\u0119 zaplecza rezydencji. Obecnie jest tu o\u015brodek szkoleniowy, baza hotelowa, restauracja i siedziba Centrum Edukacji Ekologiczno \u2013 Rolniczej.<\/p>\n<p>&nbsp;<\/p>\n<p><img decoding=\"async\" src=\"http:\/\/grabanow.tau.pl\/img\/prez3.png\" alt=\"\" \/><\/p>\n<p>Tak wi\u0119c Graban\u00f3w to wie\u015b, kt\u00f3ra \u0142\u0105czy histori\u0119 i tradycj\u0119 z nowoczesno\u015bci\u0105, o kt\u00f3rej pisze miejscowa poetka pani <strong>Walentyna Dubaniewicz:<\/strong><br \/>\nZiemia nasza podlaska to zbo\u017cowe \u0142any,<br \/>\nPola, \u0142\u0105ki i lasy, to kraj nasz kochany.<br \/>\nTo szczebiot jask\u00f3\u0142ek, s\u0142owik\u00f3w \u015bpiewanie<br \/>\nI klekot bocian\u00f3w, kuku\u0142ek kukanie.<\/p>\n<p>To lud nasz wiejski szczery i \u017cyczliwy<br \/>\nI Bogu wierny, zawsze sprawiedliwy.<br \/>\nTo nasz Graban\u00f3w pe\u0142en uroku<br \/>\nCoraz pi\u0119kniejszy ka\u017cdego roku<\/p>\n<p>Jak mam opisa\u0107 j\u0105 wierszami,<br \/>\nJak j\u0105 wy\u015bpiewa\u0107 piosenkami?<br \/>\nPi\u0119kna, go\u015bcinna, urodzajna, \u015bwi\u0119ta<br \/>\nO kt\u00f3rej ka\u017cdy z nas pami\u0119ta.<\/p>\n<p>M\u0142odzi te\u017c wiedz\u0105 co \u201eOjczyzna\u201d znaczy,<br \/>\nTo im i rodzic i nauczyciel t\u0142umaczy,<br \/>\n\u017be Graban\u00f3w to \u201eMa\u0142a Ojczyzna\u201d, w kt\u00f3rej wzrastamy<br \/>\nI ca\u0142ym sercem kocha\u0107 go mamy!<\/p>\n","protected":false},"excerpt":{"rendered":"<p>Graban\u00f3w to wie\u015b le\u017c\u0105ca w gminie Bia\u0142a Podlaska. Na jej pocz\u0105tku, przy rozstaju dr\u00f3g, stoi znany wszystkim mieszka\u0144com krzy\u017c. Dodatni przyrost naturalny zapewniaj\u0105 mieszka\u0144com bociany bia\u0142e, kt\u00f3re za\u0142o\u017cy\u0142y tu a\u017c cztery gniazda i co roku wyprowadzaj\u0105 swoje m\u0142ode. Dzieci mieszka\u0144c\u00f3w maj\u0105 zapewnione doskona\u0142e warunki rozwoju dzi\u0119ki ucz\u0119szczaniu do nowoczesnej szko\u0142y. Wybudowano j\u0105 w latach sze\u015b\u0107dziesi\u0105tych &hellip; <\/p>\n<p><a class=\"more-link btn\" href=\"http:\/\/grabanow.tau.pl\/wp\/?page_id=19\">Kontynuuj czytanie<\/a><\/p>\n","protected":false},"author":1,"featured_media":0,"parent":0,"menu_order":0,"comment_status":"open","ping_status":"open","template":"","meta":[],"_links":{"self":[{"href":"http:\/\/grabanow.tau.pl\/wp\/index.php?rest_route=\/wp\/v2\/pages\/19"}],"collection":[{"href":"http:\/\/grabanow.tau.pl\/wp\/index.php?rest_route=\/wp\/v2\/pages"}],"about":[{"href":"http:\/\/grabanow.tau.pl\/wp\/index.php?rest_route=\/wp\/v2\/types\/page"}],"author":[{"embeddable":true,"href":"http:\/\/grabanow.tau.pl\/wp\/index.php?rest_route=\/wp\/v2\/users\/1"}],"replies":[{"embeddable":true,"href":"http:\/\/grabanow.tau.pl\/wp\/index.php?rest_route=%2Fwp%2Fv2%2Fcomments&post=19"}],"version-history":[{"count":2,"href":"http:\/\/grabanow.tau.pl\/wp\/index.php?rest_route=\/wp\/v2\/pages\/19\/revisions"}],"predecessor-version":[{"id":77,"href":"http:\/\/grabanow.tau.pl\/wp\/index.php?rest_route=\/wp\/v2\/pages\/19\/revisions\/77"}],"wp:attachment":[{"href":"http:\/\/grabanow.tau.pl\/wp\/index.php?rest_route=%2Fwp%2Fv2%2Fmedia&parent=19"}],"curies":[{"name":"wp","href":"https:\/\/api.w.org\/{rel}","templated":true}]}}