{"id":21,"date":"2014-11-24T11:50:15","date_gmt":"2014-11-24T11:50:15","guid":{"rendered":"http:\/\/grabanow.tau.pl\/wp\/?page_id=21"},"modified":"2022-11-14T23:00:51","modified_gmt":"2022-11-14T23:00:51","slug":"nauczyciele","status":"publish","type":"page","link":"http:\/\/grabanow.tau.pl\/wp\/?page_id=21","title":{"rendered":"Nauczyciele 2022\/2023"},"content":{"rendered":"<table style=\"width: 100%; height: 942px;\">\n<tbody>\n<tr>\n<td style=\"width: 31.1712%;\"><strong>Nazwisko i imi\u0119<\/strong><\/td>\n<td style=\"width: 68.8288%;\"><strong>Nauczany przedmiot\u00a0<\/strong><\/td>\n<\/tr>\n<tr>\n<td style=\"width: 31.1712%;\">Zydlewska Beata<\/td>\n<td style=\"width: 68.8288%;\">dyrektor szko\u0142y, wychowanie do \u017cycia w rodzinie, edukacja dla bezpiecze\u0144stwa<\/td>\n<\/tr>\n<tr>\n<td style=\"width: 31.1712%;\">Biegaj\u0142o Grzegorz<\/td>\n<td style=\"width: 68.8288%;\">wychowanie fizyczne, wychowawca klasy IV<\/td>\n<\/tr>\n<tr>\n<td style=\"width: 31.1712%;\">Biegaj\u0142o Joanna<\/td>\n<td style=\"width: 68.8288%;\">\u00a0j\u0119zyk angielski, wychowawczyni klasy VI-VII<\/td>\n<\/tr>\n<tr>\n<td style=\"width: 31.1712%;\">Byszuk Emilia<\/td>\n<td style=\"width: 68.8288%;\">\u00a0historia, WOS<\/td>\n<\/tr>\n<tr>\n<td style=\"width: 31.1712%;\">Cybulska Justyna<\/td>\n<td style=\"width: 68.8288%;\">\u00a0nauczyciel wspomagaj\u0105cy<\/td>\n<\/tr>\n<tr>\n<td style=\"width: 31.1712%;\">Koz\u0142owska Katarzyna<\/td>\n<td style=\"width: 68.8288%;\">wychowanie przedszkolne<\/td>\n<\/tr>\n<tr>\n<td style=\"width: 31.1712%;\">Kaliszuk Bo\u017cena<\/td>\n<td style=\"width: 68.8288%;\">\u00a0biologia, technika<\/td>\n<\/tr>\n<tr>\n<td style=\"width: 31.1712%;\">Katarzyna Filipiuk<\/td>\n<td style=\"width: 68.8288%;\">\u00a0j\u0119zyk rosyjski<\/td>\n<\/tr>\n<tr>\n<td style=\"width: 31.1712%;\">Kiryluk Monika<\/td>\n<td style=\"width: 68.8288%;\">\u00a0chemia, fizyka<\/td>\n<\/tr>\n<tr>\n<td style=\"width: 31.1712%;\">Laszuk-Kalinowska Agnieszka<\/td>\n<td style=\"width: 68.8288%;\">\u00a0geografia<\/td>\n<\/tr>\n<tr>\n<td style=\"width: 31.1712%;\">Mich Tomasz<\/td>\n<td style=\"width: 68.8288%;\">\u00a0religia<\/td>\n<\/tr>\n<tr>\n<td style=\"width: 31.1712%;\">Olesiejuk Krzysztof<\/td>\n<td style=\"width: 68.8288%;\">\u00a0muzyka<\/td>\n<\/tr>\n<tr>\n<td style=\"width: 31.1712%;\">Osielska El\u017cbieta<\/td>\n<td style=\"width: 68.8288%;\">\u00a0edukacja wczesnoszkolna, wychowawczyni klasy II<\/td>\n<\/tr>\n<tr>\n<td style=\"width: 31.1712%;\">Osielska &#8211; F\u0105fara Justyna<\/td>\n<td style=\"width: 68.8288%;\">\u00a0edukacja wczesnoszkolna, wychowawczyni klasy I<\/td>\n<\/tr>\n<tr>\n<td style=\"width: 31.1712%;\">Sokolnicki Dariusz<\/td>\n<td style=\"width: 68.8288%;\">\u00a0informatyka<\/td>\n<\/tr>\n<tr>\n<td style=\"width: 31.1712%;\">Klimek Ma\u0142gorzata<\/td>\n<td style=\"width: 68.8288%;\">plastyka, biblioteka<\/td>\n<\/tr>\n<tr>\n<td style=\"width: 31.1712%;\">Szyd\u0142owska Justyna<\/td>\n<td style=\"width: 68.8288%;\">j\u0119zyk polski, wychowawczyni klasy VIII<\/td>\n<\/tr>\n<tr>\n<td style=\"width: 31.1712%;\">Wierci\u0144ska Agata<\/td>\n<td style=\"width: 68.8288%;\">matematyka, wychowawczyni klasy V<\/td>\n<\/tr>\n<tr>\n<td style=\"width: 31.1712%;\">Wo\u017any Dorota<\/td>\n<td style=\"width: 68.8288%;\">edukacja wczesnoszkolna, wychowawczyni klasy II)<\/td>\n<\/tr>\n<tr>\n<td style=\"width: 31.1712%;\">Anna Witnik<\/td>\n<td style=\"width: 68.8288%;\">nauczyciel grupy 5-6 latk\u00f3w<\/td>\n<\/tr>\n<tr>\n<td style=\"width: 31.1712%;\">Wioleta Majewska<\/td>\n<td style=\"width: 68.8288%;\">nauczyciel grupy 3-4 latk\u00f3w<\/td>\n<\/tr>\n<\/tbody>\n<\/table>\n","protected":false},"excerpt":{"rendered":"<p>Nazwisko i imi\u0119 Nauczany przedmiot\u00a0 Zydlewska Beata dyrektor szko\u0142y, wychowanie do \u017cycia w rodzinie, edukacja dla bezpiecze\u0144stwa Biegaj\u0142o Grzegorz wychowanie fizyczne, wychowawca klasy IV Biegaj\u0142o Joanna \u00a0j\u0119zyk angielski, wychowawczyni klasy VI-VII Byszuk Emilia \u00a0historia, WOS Cybulska Justyna \u00a0nauczyciel wspomagaj\u0105cy Koz\u0142owska Katarzyna wychowanie przedszkolne Kaliszuk Bo\u017cena \u00a0biologia, technika Katarzyna Filipiuk \u00a0j\u0119zyk rosyjski Kiryluk Monika \u00a0chemia, fizyka &hellip; <\/p>\n<p><a class=\"more-link btn\" href=\"http:\/\/grabanow.tau.pl\/wp\/?page_id=21\">Kontynuuj czytanie<\/a><\/p>\n","protected":false},"author":1,"featured_media":0,"parent":0,"menu_order":0,"comment_status":"open","ping_status":"open","template":"","meta":[],"_links":{"self":[{"href":"http:\/\/grabanow.tau.pl\/wp\/index.php?rest_route=\/wp\/v2\/pages\/21"}],"collection":[{"href":"http:\/\/grabanow.tau.pl\/wp\/index.php?rest_route=\/wp\/v2\/pages"}],"about":[{"href":"http:\/\/grabanow.tau.pl\/wp\/index.php?rest_route=\/wp\/v2\/types\/page"}],"author":[{"embeddable":true,"href":"http:\/\/grabanow.tau.pl\/wp\/index.php?rest_route=\/wp\/v2\/users\/1"}],"replies":[{"embeddable":true,"href":"http:\/\/grabanow.tau.pl\/wp\/index.php?rest_route=%2Fwp%2Fv2%2Fcomments&post=21"}],"version-history":[{"count":25,"href":"http:\/\/grabanow.tau.pl\/wp\/index.php?rest_route=\/wp\/v2\/pages\/21\/revisions"}],"predecessor-version":[{"id":10333,"href":"http:\/\/grabanow.tau.pl\/wp\/index.php?rest_route=\/wp\/v2\/pages\/21\/revisions\/10333"}],"wp:attachment":[{"href":"http:\/\/grabanow.tau.pl\/wp\/index.php?rest_route=%2Fwp%2Fv2%2Fmedia&parent=21"}],"curies":[{"name":"wp","href":"https:\/\/api.w.org\/{rel}","templated":true}]}}