{"id":24,"date":"2014-11-24T11:58:57","date_gmt":"2014-11-24T11:58:57","guid":{"rendered":"http:\/\/grabanow.tau.pl\/wp\/?page_id=24"},"modified":"2022-11-14T22:56:57","modified_gmt":"2022-11-14T22:56:57","slug":"rada-rodzicow","status":"publish","type":"page","link":"http:\/\/grabanow.tau.pl\/wp\/?page_id=24","title":{"rendered":"Rada rodzic\u00f3w"},"content":{"rendered":"<p><strong>Sk\u0142ad prezydium Rady Rodzic\u00f3w na rok szkolny 2022\/2023<\/strong><\/p>\n<p>Przewodnicz\u0105cy:\u00a0 Tomasz Chalimoniuk<\/p>\n<p>Wice przewodnicz\u0105cy:\u00a0 Karol Filipek<\/p>\n<p>Skarbnik:\u00a0 Aleksandra Wasilewska<\/p>\n<p>Sekretarz:\u00a0 Katarzyna Warowny<\/p>\n<p>Cz\u0142onkowie: \u00a0Ma\u0142gorzata Mitura, Monika Filipek, Marcin Giejner, Agnieszka Romaniuk, Liliana Bujnik, Jacek Uss.<\/p>\n<p>Numer Rachunku Rady Rodzic\u00f3w: 63-8025-0007-0019-3500-2000-0010<\/p>\n","protected":false},"excerpt":{"rendered":"<p>Sk\u0142ad prezydium Rady Rodzic\u00f3w na rok szkolny 2022\/2023 Przewodnicz\u0105cy:\u00a0 Tomasz Chalimoniuk Wice przewodnicz\u0105cy:\u00a0 Karol Filipek Skarbnik:\u00a0 Aleksandra Wasilewska Sekretarz:\u00a0 Katarzyna Warowny Cz\u0142onkowie: \u00a0Ma\u0142gorzata Mitura, Monika Filipek, Marcin Giejner, Agnieszka Romaniuk, Liliana Bujnik, Jacek Uss. Numer Rachunku Rady Rodzic\u00f3w: 63-8025-0007-0019-3500-2000-0010<\/p>\n","protected":false},"author":1,"featured_media":0,"parent":0,"menu_order":0,"comment_status":"open","ping_status":"open","template":"","meta":[],"_links":{"self":[{"href":"http:\/\/grabanow.tau.pl\/wp\/index.php?rest_route=\/wp\/v2\/pages\/24"}],"collection":[{"href":"http:\/\/grabanow.tau.pl\/wp\/index.php?rest_route=\/wp\/v2\/pages"}],"about":[{"href":"http:\/\/grabanow.tau.pl\/wp\/index.php?rest_route=\/wp\/v2\/types\/page"}],"author":[{"embeddable":true,"href":"http:\/\/grabanow.tau.pl\/wp\/index.php?rest_route=\/wp\/v2\/users\/1"}],"replies":[{"embeddable":true,"href":"http:\/\/grabanow.tau.pl\/wp\/index.php?rest_route=%2Fwp%2Fv2%2Fcomments&post=24"}],"version-history":[{"count":20,"href":"http:\/\/grabanow.tau.pl\/wp\/index.php?rest_route=\/wp\/v2\/pages\/24\/revisions"}],"predecessor-version":[{"id":10331,"href":"http:\/\/grabanow.tau.pl\/wp\/index.php?rest_route=\/wp\/v2\/pages\/24\/revisions\/10331"}],"wp:attachment":[{"href":"http:\/\/grabanow.tau.pl\/wp\/index.php?rest_route=%2Fwp%2Fv2%2Fmedia&parent=24"}],"curies":[{"name":"wp","href":"https:\/\/api.w.org\/{rel}","templated":true}]}}