{"id":28,"date":"2014-11-24T12:55:50","date_gmt":"2014-11-24T12:55:50","guid":{"rendered":"http:\/\/grabanow.tau.pl\/wp\/?page_id=28"},"modified":"2021-03-12T11:28:56","modified_gmt":"2021-03-12T11:28:56","slug":"programy","status":"publish","type":"page","link":"http:\/\/grabanow.tau.pl\/wp\/?page_id=28","title":{"rendered":"Programy"},"content":{"rendered":"<p><span style=\"color: #3366ff;\">Programy realizowane w szkole:<\/span><\/p>\n<p>Program ,,Szklanka Mleka\u201d<\/p>\n<p>Europejski program ,,Owoce i warzywa w szkole\u201d<\/p>\n<p>Program profilaktyczny\u00a0\u00a0,,Trzymaj Form\u0119\u201d dla klas V, VI, VII, VIII<\/p>\n<p>Program profilaktyczny ,,Czyste Powietrze Wok\u00f3\u0142 Nas&#8221; dla klas 0 i I<\/p>\n<p>,,Bieg po zdrowie\u201d- program antytytoniowy dla klasy IV<\/p>\n<p><strong>\u00a0<\/strong>Informacje o programie \u00a0&#8222;Bieg po zdrowie&#8221; s\u0105 dost\u0119pne na stronie internetowej oraz facebook&#8217;u G\u0142\u00f3wnego Inspektoratu Sanitarnego:<\/p>\n<p>http:\/\/gis.gov.pl\/zdrowie\/promocja-zdrowia\/profilaktyka-palenia-tytoniu\/425-program-edukacyjny-bieg-po-zdrowie<\/p>\n<p><a href=\"https:\/\/www.facebook.com\/GlownyInspektoratSanitarny\/\">https:\/\/www.facebook.com\/GlownyInspektoratSanitarny\/<\/a><\/p>\n<p style=\"text-align: center;\">LINKI z FILMAMI:<\/p>\n<p style=\"text-align: center;\">\n<div class=\"embed-container\"><iframe loading=\"lazy\" title=\"Biegniemy po zdrowie\" width=\"555\" height=\"312\" src=\"https:\/\/www.youtube.com\/embed\/videoseries?list=PLYixRDBDj79fDMDUYW3GZgwDzVru4becW\" frameborder=\"0\" allow=\"accelerometer; autoplay; clipboard-write; encrypted-media; gyroscope; picture-in-picture\" allowfullscreen><\/iframe><\/div>\n<\/p>\n<p><a href=\"https:\/\/www.youtube.com\/user\/GlownyInspektoratSan\">https:\/\/www.youtube.com\/user\/GlownyInspektoratSan<\/a><\/p>\n<p style=\"text-align: center;\">https:\/\/www.youtube.com\/watch?v=zuCadM7qM-4<\/p>\n<div class=\"embed-container\"><iframe loading=\"lazy\" title=\"Bieg po zdrowie - Za\u0142o\u017cenia programu\" width=\"555\" height=\"312\" src=\"https:\/\/www.youtube.com\/embed\/4AGbYiCrdSI?feature=oembed\" frameborder=\"0\" allow=\"accelerometer; autoplay; clipboard-write; encrypted-media; gyroscope; picture-in-picture\" allowfullscreen><\/iframe><\/div>\n<p>https:\/\/www.youtube.com\/watch?v=ZZK_KpBn_nI<\/p>\n<p>https:\/\/pl-pl.facebook.com\/GlownyInspektoratSanitarny\/<br \/>\n<a href=\"https:\/\/www.facebook.com\/GlownyInspektoratSanitarny\/?hc_ref=PAGES_TIMELINE&amp;fref=nf\">https:\/\/www.facebook.com\/GlownyInspektoratSanitarny\/?hc_ref=PAGES_TIMELINE&amp;fref=nf<\/a><\/p>\n<p style=\"text-align: center;\">https:\/\/www.youtube.com\/watch?v=JD7fazf2VL0<br \/>\n<a href=\"https:\/\/pl-pl.facebook.com\/GlownyInspektoratSanitarny\/\">https:\/\/pl-pl.facebook.com\/GlownyInspektoratSanitarny\/<\/a><\/p>\n<p style=\"text-align: center;\"><a href=\"https:\/\/www.youtube.com\/watch?v=JD7fazf2VL0\">https:\/\/www.youtube.com\/watch?v=JD7fazf2VL0<\/a><br \/>\n<a href=\"https:\/\/pl-pl.facebook.com\/GlownyInspektoratSanitarny\/\">https:\/\/pl-pl.facebook.com\/GlownyInspektoratSanitarny\/<\/a><\/p>\n<p style=\"text-align: center;\">https:\/\/www.youtube.com\/watch?v=gBeYGLfOJ0g<br \/>\nhttps:\/\/pl-pl.facebook.com\/GlownyInspektoratSanitarny\/<\/p>\n<p><strong><a href=\"https:\/\/www.youtube.com\/watch?v=hJZSUMNcRIg\">https:\/\/www.youtube.com\/watch?v=hJZSUMNcRIg<\/a><\/strong><\/p>\n","protected":false},"excerpt":{"rendered":"<p>Programy realizowane w szkole: Program ,,Szklanka Mleka\u201d Europejski program ,,Owoce i warzywa w szkole\u201d Program profilaktyczny\u00a0\u00a0,,Trzymaj Form\u0119\u201d dla klas V, VI, VII, VIII Program profilaktyczny ,,Czyste Powietrze Wok\u00f3\u0142 Nas&#8221; dla klas 0 i I ,,Bieg po zdrowie\u201d- program antytytoniowy dla klasy IV \u00a0Informacje o programie \u00a0&#8222;Bieg po zdrowie&#8221; s\u0105 dost\u0119pne na stronie internetowej oraz facebook&#8217;u &hellip; <\/p>\n<p><a class=\"more-link btn\" href=\"http:\/\/grabanow.tau.pl\/wp\/?page_id=28\">Kontynuuj czytanie<\/a><\/p>\n","protected":false},"author":1,"featured_media":0,"parent":0,"menu_order":0,"comment_status":"open","ping_status":"open","template":"","meta":[],"_links":{"self":[{"href":"http:\/\/grabanow.tau.pl\/wp\/index.php?rest_route=\/wp\/v2\/pages\/28"}],"collection":[{"href":"http:\/\/grabanow.tau.pl\/wp\/index.php?rest_route=\/wp\/v2\/pages"}],"about":[{"href":"http:\/\/grabanow.tau.pl\/wp\/index.php?rest_route=\/wp\/v2\/types\/page"}],"author":[{"embeddable":true,"href":"http:\/\/grabanow.tau.pl\/wp\/index.php?rest_route=\/wp\/v2\/users\/1"}],"replies":[{"embeddable":true,"href":"http:\/\/grabanow.tau.pl\/wp\/index.php?rest_route=%2Fwp%2Fv2%2Fcomments&post=28"}],"version-history":[{"count":7,"href":"http:\/\/grabanow.tau.pl\/wp\/index.php?rest_route=\/wp\/v2\/pages\/28\/revisions"}],"predecessor-version":[{"id":8431,"href":"http:\/\/grabanow.tau.pl\/wp\/index.php?rest_route=\/wp\/v2\/pages\/28\/revisions\/8431"}],"wp:attachment":[{"href":"http:\/\/grabanow.tau.pl\/wp\/index.php?rest_route=%2Fwp%2Fv2%2Fmedia&parent=28"}],"curies":[{"name":"wp","href":"https:\/\/api.w.org\/{rel}","templated":true}]}}