{"id":40,"date":"2014-11-24T13:13:37","date_gmt":"2014-11-24T13:13:37","guid":{"rendered":"http:\/\/grabanow.tau.pl\/wp\/?page_id=40"},"modified":"2014-11-24T13:13:37","modified_gmt":"2014-11-24T13:13:37","slug":"hymn-szkoly","status":"publish","type":"page","link":"http:\/\/grabanow.tau.pl\/wp\/?page_id=40","title":{"rendered":"Hymn szko\u0142y"},"content":{"rendered":"<p><strong>Hymnem szko\u0142y jest \u201eMarsz Polonii\u201d<\/strong><\/p>\n<p>Utw\u00f3r wywodzi si\u0119 z \u201eMazurka D\u0105browskiego\u201d, pocz\u0105tkowo zwany by\u0142\u00a0 Pie\u015bni\u0105 Polak\u00f3w. Hymn powsta\u0142 w Ameryce w ko\u0144cu XIX wieku. Do Polski zosta\u0142 przywieziony z Brazylii przed II Wojn\u0105\u00a0 \u015awiatow\u0105 przez nauczycielk\u0119 i dzia\u0142aczk\u0119 ruch ch\u0142opskiego Jadwig\u0119 Jaho\u0142kowsk\u0105. \u015apiewali j\u0105 harcerze w okresie mi\u0119dzywojennym, a podczas II Wojny \u015awiatowej \u017co\u0142nierze polscy na Zachodzie.<\/p>\n<p><strong>\u201eMarsz Polonii\u201d<\/strong><\/p>\n<p>I.\u00a0 Jeszcze Polska nie zgin\u0119\u0142a,<br \/>\nkiedy my \u017cyjemy,<br \/>\nco nam obca przemoc wzi\u0119\u0142a,<br \/>\nszabl\u0105 odbierzemy.<\/p>\n<p>ref. Marsz, marsz Polonia,<br \/>\nmarsz dzielny narodzie,<br \/>\nodpoczniemy po swej pracy<br \/>\nw ojczystej zagrodzie.\u00a0\u00a0\u00a0\u00a0\u00a0\u00a0\u00a0\u00a0\u00a0\u00a0\u00a0 2x<\/p>\n<p>II. Jeszcze Polska nie zgin\u0119\u0142a,<br \/>\ni zgin\u0105\u0107 nie mo\u017ce,<br \/>\nbo ty jeste\u015b sprawiedliwy,<br \/>\nO Wszechmocny Bo\u017ce.<br \/>\nref. Marsz, marsz Polonia&#8230;<\/p>\n","protected":false},"excerpt":{"rendered":"<p>Hymnem szko\u0142y jest \u201eMarsz Polonii\u201d Utw\u00f3r wywodzi si\u0119 z \u201eMazurka D\u0105browskiego\u201d, pocz\u0105tkowo zwany by\u0142\u00a0 Pie\u015bni\u0105 Polak\u00f3w. Hymn powsta\u0142 w Ameryce w ko\u0144cu XIX wieku. Do Polski zosta\u0142 przywieziony z Brazylii przed II Wojn\u0105\u00a0 \u015awiatow\u0105 przez nauczycielk\u0119 i dzia\u0142aczk\u0119 ruch ch\u0142opskiego Jadwig\u0119 Jaho\u0142kowsk\u0105. \u015apiewali j\u0105 harcerze w okresie mi\u0119dzywojennym, a podczas II Wojny \u015awiatowej \u017co\u0142nierze polscy &hellip; <\/p>\n<p><a class=\"more-link btn\" href=\"http:\/\/grabanow.tau.pl\/wp\/?page_id=40\">Kontynuuj czytanie<\/a><\/p>\n","protected":false},"author":1,"featured_media":0,"parent":0,"menu_order":0,"comment_status":"open","ping_status":"open","template":"","meta":[],"_links":{"self":[{"href":"http:\/\/grabanow.tau.pl\/wp\/index.php?rest_route=\/wp\/v2\/pages\/40"}],"collection":[{"href":"http:\/\/grabanow.tau.pl\/wp\/index.php?rest_route=\/wp\/v2\/pages"}],"about":[{"href":"http:\/\/grabanow.tau.pl\/wp\/index.php?rest_route=\/wp\/v2\/types\/page"}],"author":[{"embeddable":true,"href":"http:\/\/grabanow.tau.pl\/wp\/index.php?rest_route=\/wp\/v2\/users\/1"}],"replies":[{"embeddable":true,"href":"http:\/\/grabanow.tau.pl\/wp\/index.php?rest_route=%2Fwp%2Fv2%2Fcomments&post=40"}],"version-history":[{"count":1,"href":"http:\/\/grabanow.tau.pl\/wp\/index.php?rest_route=\/wp\/v2\/pages\/40\/revisions"}],"predecessor-version":[{"id":41,"href":"http:\/\/grabanow.tau.pl\/wp\/index.php?rest_route=\/wp\/v2\/pages\/40\/revisions\/41"}],"wp:attachment":[{"href":"http:\/\/grabanow.tau.pl\/wp\/index.php?rest_route=%2Fwp%2Fv2%2Fmedia&parent=40"}],"curies":[{"name":"wp","href":"https:\/\/api.w.org\/{rel}","templated":true}]}}