{"id":4234,"date":"2017-09-01T10:56:45","date_gmt":"2017-09-01T10:56:45","guid":{"rendered":"http:\/\/grabanow.tau.pl\/wp\/?page_id=4234"},"modified":"2022-03-06T22:30:40","modified_gmt":"2022-03-06T22:30:40","slug":"rodzice","status":"publish","type":"page","link":"http:\/\/grabanow.tau.pl\/wp\/?page_id=4234","title":{"rendered":"Rodzice"},"content":{"rendered":"<p><a href=\"http:\/\/grabanow.tau.pl\/wp\/wp-content\/uploads\/2017\/09\/Broszury_edukacyjne_Bezpiecznie_Tu_i_Tam.pdf\"><span style=\"color: #000080;\">Broszury_edukacyjne_Bezpiecznie_Tu_i_Tam<\/span><\/a><\/p>\n<p><span style=\"color: #000080;\"><a style=\"color: #000080;\" href=\"http:\/\/grabanow.tau.pl\/wp\/wp-content\/uploads\/2022\/02\/Dla-Rodzicow-Jak-zorganizowac-warunki-do-nauki-i-jak-motywowac-uczniow.pdf\">Dla-Rodzicow-Jak-zorganizowac-warunki-do-nauki-i-jak-motywowac-uczniow<\/a><\/span><\/p>\n<p><span style=\"color: #000080;\"><a style=\"color: #000080;\" href=\"http:\/\/grabanow.tau.pl\/wp\/wp-content\/uploads\/2022\/02\/PROCEDURY-BEZPIECZENSTWA.pdf\">PROCEDURY BEZPIECZENSTWA<\/a><\/span><\/p>\n<p><span style=\"color: #000080;\"><a style=\"color: #000080;\" href=\"http:\/\/grabanow.tau.pl\/wp\/wp-content\/uploads\/2017\/09\/Bezpieczne-dziecko-w-sieci.pdf\">Bezpieczne dziecko w sieci<\/a><\/span><\/p>\n<p><span style=\"color: #000080;\"><a style=\"color: #000080;\" href=\"http:\/\/grabanow.tau.pl\/wp\/wp-content\/uploads\/2014\/11\/WA\u017bNE-TELEFONY-INSTYTUCJI-WSPIERAJ\u0104CYCH-RODZIN\u0118.doc\">WA\u017bNE TELEFONY INSTYTUCJI WSPIERAJ\u0104CYCH RODZIN\u0118<\/a><\/span><\/p>\n<p><span style=\"color: #000080;\"><a style=\"color: #000080;\" href=\"http:\/\/grabanow.tau.pl\/wp\/wp-content\/uploads\/2014\/11\/Profilaktyka-uzale\u017cnie\u0144-w\u015br\u00f3d-dzieci-i-m\u0142odzie\u017cy.pdf\">Profilaktyka uzale\u017cnie\u0144 w\u015br\u00f3d dzieci i m\u0142<\/a>odzie\u017cy\u00a0<\/span><\/p>\n<p><span style=\"color: #000080;\"><a style=\"color: #000080;\" href=\"http:\/\/grabanow.tau.pl\/wp\/wp-content\/uploads\/2017\/09\/WNIOSEK-O-WYDANIE-LEGITYMACJI.docx\">WNIOSEK O WYDANIE LEGITYMACJI<\/a><\/span><\/p>\n<p><span style=\"color: #000080;\"><a style=\"color: #000080;\" href=\"http:\/\/grabanow.tau.pl\/wp\/wp-content\/uploads\/2017\/09\/INFORMACJA-LEGITYMACJE-SZKOLNE.docx\">INFORMACJA &#8211; LEGITYMACJE SZKOLNE<\/a><\/span><\/p>\n<p>\u00a0<\/p>\n\n","protected":false},"excerpt":{"rendered":"<p>Broszury_edukacyjne_Bezpiecznie_Tu_i_Tam Dla-Rodzicow-Jak-zorganizowac-warunki-do-nauki-i-jak-motywowac-uczniow PROCEDURY BEZPIECZENSTWA Bezpieczne dziecko w sieci WA\u017bNE TELEFONY INSTYTUCJI WSPIERAJ\u0104CYCH RODZIN\u0118 Profilaktyka uzale\u017cnie\u0144 w\u015br\u00f3d dzieci i m\u0142odzie\u017cy\u00a0 WNIOSEK O WYDANIE LEGITYMACJI INFORMACJA &#8211; LEGITYMACJE SZKOLNE \u00a0<\/p>\n","protected":false},"author":1,"featured_media":0,"parent":0,"menu_order":0,"comment_status":"open","ping_status":"open","template":"","meta":[],"_links":{"self":[{"href":"http:\/\/grabanow.tau.pl\/wp\/index.php?rest_route=\/wp\/v2\/pages\/4234"}],"collection":[{"href":"http:\/\/grabanow.tau.pl\/wp\/index.php?rest_route=\/wp\/v2\/pages"}],"about":[{"href":"http:\/\/grabanow.tau.pl\/wp\/index.php?rest_route=\/wp\/v2\/types\/page"}],"author":[{"embeddable":true,"href":"http:\/\/grabanow.tau.pl\/wp\/index.php?rest_route=\/wp\/v2\/users\/1"}],"replies":[{"embeddable":true,"href":"http:\/\/grabanow.tau.pl\/wp\/index.php?rest_route=%2Fwp%2Fv2%2Fcomments&post=4234"}],"version-history":[{"count":38,"href":"http:\/\/grabanow.tau.pl\/wp\/index.php?rest_route=\/wp\/v2\/pages\/4234\/revisions"}],"predecessor-version":[{"id":9672,"href":"http:\/\/grabanow.tau.pl\/wp\/index.php?rest_route=\/wp\/v2\/pages\/4234\/revisions\/9672"}],"wp:attachment":[{"href":"http:\/\/grabanow.tau.pl\/wp\/index.php?rest_route=%2Fwp%2Fv2%2Fmedia&parent=4234"}],"curies":[{"name":"wp","href":"https:\/\/api.w.org\/{rel}","templated":true}]}}