{"id":44,"date":"2014-11-24T13:15:23","date_gmt":"2014-11-24T13:15:23","guid":{"rendered":"http:\/\/grabanow.tau.pl\/wp\/?page_id=44"},"modified":"2015-11-30T08:36:46","modified_gmt":"2015-11-30T08:36:46","slug":"historia-szkoly","status":"publish","type":"page","link":"http:\/\/grabanow.tau.pl\/wp\/?page_id=44","title":{"rendered":"Historia szko\u0142y"},"content":{"rendered":"<p>Z kart historii Szko\u0142y Podstawowej w Grabanowie<\/p>\n<p>1963- 1965\u00a0 Budowa szko\u0142y przez mieszka\u0144c\u00f3w Grabanowa.<\/p>\n<p>01 IX 1990\u00a0 Reaktywowanie szko\u0142y z oddzia\u0142ami I-III. Dyrektorem szko\u0142y zostaje Pani Anna Ciesielczuk.<\/p>\n<p>24 IX 1994\u00a0 Ods\u0142oni\u0119cie tablicy po\u015bwi\u0119conej 30 Poleskiej Dywizji Piechoty AK Okr\u0119gu Poleskiego na budynku szko\u0142y<\/p>\n<p>01 IX 1995\u00a0\u00a0 Jeste\u015bmy ju\u017c szko\u0142\u0105 z 6 oddzia\u0142ami.<\/p>\n<p>07 X 1995\u00a0\u00a0 Nadanie szkole imienia 30 Poleskiej Dywizji Piechoty AK.<\/p>\n<p>01 IX 1998\u00a0 Dyrektorem szko\u0142y zostaje Pani Agnieszka Rogacin.<\/p>\n<p>01 VII 2002\u00a0 Objecie kierowniczego stanowiska przez Pani\u0105 Dorot\u0119 Wo\u017any.<br \/>\n06 XI 2008\u00a0 Rozbudowa szko\u0142y<\/p>\n<p>03 VII 2012 Dyrektorem szko\u0142y zostaje Pani Beata Zydlewska.<\/p>\n<p>2012-2014 Pozyskanie przez W\u00f3jta Gminy Bia\u0142a Podlaska teren\u00f3w wok\u00f3\u0142 szko\u0142y &#8211; utworzenie boiska sportowego i placu zabaw.<\/p>\n<p>VII 2015\u00a0 Rewitalizacja asfaltowego boiska do siatk\u00f3wki i koszyk\u00f3wki.<\/p>\n<p>&nbsp;<\/p>\n","protected":false},"excerpt":{"rendered":"<p>Z kart historii Szko\u0142y Podstawowej w Grabanowie 1963- 1965\u00a0 Budowa szko\u0142y przez mieszka\u0144c\u00f3w Grabanowa. 01 IX 1990\u00a0 Reaktywowanie szko\u0142y z oddzia\u0142ami I-III. Dyrektorem szko\u0142y zostaje Pani Anna Ciesielczuk. 24 IX 1994\u00a0 Ods\u0142oni\u0119cie tablicy po\u015bwi\u0119conej 30 Poleskiej Dywizji Piechoty AK Okr\u0119gu Poleskiego na budynku szko\u0142y 01 IX 1995\u00a0\u00a0 Jeste\u015bmy ju\u017c szko\u0142\u0105 z 6 oddzia\u0142ami. 07 X &hellip; <\/p>\n<p><a class=\"more-link btn\" href=\"http:\/\/grabanow.tau.pl\/wp\/?page_id=44\">Kontynuuj czytanie<\/a><\/p>\n","protected":false},"author":1,"featured_media":0,"parent":0,"menu_order":0,"comment_status":"open","ping_status":"open","template":"","meta":[],"_links":{"self":[{"href":"http:\/\/grabanow.tau.pl\/wp\/index.php?rest_route=\/wp\/v2\/pages\/44"}],"collection":[{"href":"http:\/\/grabanow.tau.pl\/wp\/index.php?rest_route=\/wp\/v2\/pages"}],"about":[{"href":"http:\/\/grabanow.tau.pl\/wp\/index.php?rest_route=\/wp\/v2\/types\/page"}],"author":[{"embeddable":true,"href":"http:\/\/grabanow.tau.pl\/wp\/index.php?rest_route=\/wp\/v2\/users\/1"}],"replies":[{"embeddable":true,"href":"http:\/\/grabanow.tau.pl\/wp\/index.php?rest_route=%2Fwp%2Fv2%2Fcomments&post=44"}],"version-history":[{"count":4,"href":"http:\/\/grabanow.tau.pl\/wp\/index.php?rest_route=\/wp\/v2\/pages\/44\/revisions"}],"predecessor-version":[{"id":2266,"href":"http:\/\/grabanow.tau.pl\/wp\/index.php?rest_route=\/wp\/v2\/pages\/44\/revisions\/2266"}],"wp:attachment":[{"href":"http:\/\/grabanow.tau.pl\/wp\/index.php?rest_route=%2Fwp%2Fv2%2Fmedia&parent=44"}],"curies":[{"name":"wp","href":"https:\/\/api.w.org\/{rel}","templated":true}]}}