{"id":54,"date":"2014-11-24T13:28:21","date_gmt":"2014-11-24T13:28:21","guid":{"rendered":"http:\/\/grabanow.tau.pl\/wp\/?page_id=54"},"modified":"2020-03-05T21:48:01","modified_gmt":"2020-03-05T21:48:01","slug":"czesc-ich-pamieci","status":"publish","type":"page","link":"http:\/\/grabanow.tau.pl\/wp\/?page_id=54","title":{"rendered":"Cze\u015b\u0107 ich pami\u0119ci"},"content":{"rendered":"<p><strong>Odeszli na wieczn\u0105 wart\u0119<\/strong><\/p>\n<p><strong><em>\u015a.P. pp\u0142k Miros\u0142aw Kazimierz Spiechowicz<\/em><\/strong><strong><em> ps. \u201eSok\u00f3\u0142\u201d<\/em><\/strong><\/p>\n<p style=\"text-align: justify;\"><em>Urodzony 30 pa\u017adziernika 1924 roku<br \/>\nw Warszawie.\u017bo\u0142nierz Armii Krajowej w Warszawskim Okr\u0119gu AK, WiN. Uczestnik walk w Warszawie i na Polesiu. Od czerwca 1944 roku zast\u0119pca dow\u00f3dcy kompanii w 82. pu\u0142ku piechoty 30. Dywizji Piechoty AK.Uczestnik walk z Niemcami w Lasach Nurzeckich.Cz\u0142onek Mazowieckiej Rady do Spraw Kombatant\u00f3w i Os\u00f3b Represjonowanych,Prezes Fundacji Polskiego Pa\u0144stwa Podziemnego oraz Prezes Zarz\u0105du Okr\u0119gu Polesie \u015aZ\u017b AK. Wiceprezes Zwi\u0105zku Pi\u0142sudczyk\u00f3w. Uhonorowany Krzy\u017cem Komandorskim Orderu Odrodzenia Polski, Krzy\u017cem Oficerskim Orderu Odrodzenia Polskioraz wieloma innymi odznaczeniami.<\/em><\/p>\n<p><strong><em>\u00a0\u015a.P. ppor. Stanis\u0142aw Sielutin<\/em><\/strong><\/p>\n<p style=\"text-align: justify;\"><em>\u00a0Urodzony w 1930 r ,\u017bo\u0142nierz AK,Cz\u0142onek \u015awiatowego Zwi\u0105zku \u017bo\u0142nierzy AK Okr\u0119gu Polesie.Wi\u0119zie\u0144 oboz\u00f3w stalinowskich.Cz\u0142onek Zwi\u0105zku Sybirak\u00f3w.<\/em><\/p>\n<p><strong>S.P Ppor. Leon Kotowski (1924-2011) ps. \u201eRy\u015b\u201d<\/strong><br \/>\nDzia\u0142a\u0142 na terenie brzeskim w sekcji wywiadu 82 pp. pod dow\u00f3dztwem J\u00f3zefa Cie\u015blakowskiego ps. \u201eBystry\u201d. Po aresztowaniu i rozstrzelaniu dow\u00f3dcy \u201eBystrego\u201d zosta\u0142 w\u0142\u0105czony do grupy Kedywu twierdza w plutonie \u201eGrzechotka\u201d Szarych Szereg\u00f3w, kt\u00f3r\u0105\u00a0 dowodzi\u0142 kpt. Kazimierz Zerynger PS. Wiktor. Po aresztowaniu i rozstrzelaniu kpt. Zeryngera, dzia\u0142a\u0142 dalej w oddziale partyzanckim na terenie Brze\u015bcia i okolic roznosz\u0105c zaszyfrowane rozkazy do dow\u00f3dc\u00f3w oddzia\u0142\u00f3w. Nast\u0119pne losy rzuci\u0142y go Lubelszczyzn\u0119. Bra\u0142 czynny udzia\u0142 w pracach Ko\u0142a 30 DPAK pe\u0142ni\u0105c funkcje sekretarza. Bra\u0142 udzia\u0142 w wielu spotkaniach w Bia\u0142ej Podlaskiej, Warszawie oraz w Szkole Podstawowej w Grabanowie. Za dzia\u0142alno\u015b\u0107 konspiracyjn\u0105 i partyzanck\u0105 zosta\u0142 odznaczony Krzy\u017cem Partyzanckim AK oraz innymi odznaczeniami.<br \/>\n<strong><br \/>\n<\/strong><\/p>\n<p>&nbsp;<\/p>\n<p>&nbsp;<\/p>\n<p>S.P. <strong>Por.Romuald Zerynger (1929-2010)ps. \u201eUrwis\u201c<\/strong><br \/>\nPodczas okupacji by\u0142 dow\u00f3dc\u0105 zast\u0119pu harcerskiego o kryptonimie \u201eGrzechotka\u201c w Brze\u015bciu n\/Bugiem. W roku 1944 podczas koncentracji 30 Poleskiej Dywizji Piechoty AK wst\u0105pi\u0142 do Oddzia\u0142u Partyzanckiego \u201eWatra IV\u201d. By\u0142 prezesem Ko\u0142a Okr\u0119gu Poleskiego Zarz\u0105du Okr\u0119gowego Zwi\u0105zku Kombatant\u00f3w RP i By\u0142ych Wi\u0119\u017ani\u00f3w Politycznych w Bia\u0142ej Podlaskiej.Za udzia\u0142 w akcjach bojowych zosta\u0142 odznaczony m.in. Krzy\u017cem Partyzanckim, Krzy\u017cem Armii Krajowej, Z\u0142otym Krzy\u017cem Zas\u0142ugi.<\/p>\n<p><strong>\u015a.P. Podporucznik J\u00d3ZEF G\u0141ADOCH<\/strong><br \/>\nPs. \u201eRY\u017bY\u201d Ur.19 II 1927r. w Kopytowie k\/Kodnia<br \/>\nZm. 7 X 2004r. Inwalida wojenny.<\/p>\n<p>Dzia\u0142alno\u015b\u0107 konspiracyjn\u0105 rozpocz\u0105\u0142 w kwietniu 1943r.<br \/>\nJako \u0142\u0105cznik wywiadu \u201ePlac\u00f3wki\u201d AK Kode\u0144.<br \/>\nOd sierpnia 1944r. \u017co\u0142nierz 82pp 30 DP AK.<br \/>\nW latach 1945-47 pe\u0142ni\u0142 funkcj\u0119 \u017co\u0142nierza-wywiadowcy w ROAK i w Zrzeszeniu Wolno\u015b\u0107 i Niezawis\u0142o\u015b\u0107.<br \/>\nAresztowany w listopadzie 1947r. przez UB przeszed\u0142 ci\u0119\u017ckie \u015bledztwo.<\/p>\n<p>Skazany przez S\u0105d Wojskowy w Lublinie na 5 lat wi\u0119zienia.<br \/>\nWi\u0119ziony w Bia\u0142ej Podlaskiej, Lublinie, Grudzi\u0105dzu, Jaworznie i \u0141agiewnikach \u015al\u0105skich.<br \/>\nBy\u0142 wielkim patriot\u0105 i wzorem \u017co\u0142nierza.<\/p>\n<p>Odznaczony:<br \/>\nKrzy\u017cem Partyzanckim<br \/>\nKrzy\u017cem Zrzeszenia Wolno\u015b\u0107 i Niezawis\u0142o\u015b\u0107<br \/>\nOdznak\u0105 \u201eAkcja Burza\u201d<br \/>\nOdznak\u0105 \u201eWeterana Walk o Niepodleg\u0142o\u015b\u0107\u201d.<\/p>\n<p><strong>\u015a.P. Podporucznik HENRYKA JARZ\u0104BEK<\/strong><br \/>\nPs. \u201ePOLA\u201d<br \/>\nUr. 21 IV 1908r. w Borowej (woj. tarnowskie)<br \/>\nZm. 13 V 2006r.<\/p>\n<p>\u201eWeteran Walk o Wolno\u015b\u0107 i Niepodleg\u0142o\u015b\u0107\u201d<\/p>\n<p>W kwietniu 1943r. wst\u0105pi\u0142a do Armii Krajowej-Plac\u00f3wka Nurzec.<br \/>\nZosta\u0142a zaprzysi\u0119\u017cona przez Stanis\u0142aw\u0119 Madejsk\u0105 ps. \u201eDiana\u201d.<br \/>\nPe\u0142ni\u0142a funkcj\u0119 \u0142\u0105czniczki i sanitariuszki.<br \/>\nMieszkanie \u201ePoli\u201d by\u0142o punktem kontaktowym dla konspirator\u00f3w.<br \/>\n\u201ePola\u201d gromadzi\u0142a \u015brodki medyczne i opatrunkowe, odzie\u017c itp.<br \/>\nUczestniczka Akcji \u201eBurza\u201d.<br \/>\nNauczycielka i wychowawczyni wielu pokole\u0144 na Kresach Wschodnich, a po wojnie w Warszawie-na Kole.<br \/>\nOrganizatorka tajnego nauczania w czasie okupacji.<\/p>\n<p>Odznaczona:<br \/>\nKrzy\u017cem Kawalerskim Orderu Odrodzenia Polski<br \/>\nZ\u0142otym Krzy\u017cem Zas\u0142ugi<br \/>\nKrzy\u017cem Armii Krajowej<br \/>\nKrzy\u017cem Partyzanckim<br \/>\nZ\u0142ot\u0105 Odznak\u0105 ZNP<br \/>\nOdznak\u0105 TON, Medalem KEN<br \/>\nOdznak\u0105 Akcji \u201eBurza\u201d<br \/>\ni \u201e \u017bo\u0142nierz Kresowy\u201d<\/p>\n<p><strong>\u015a. P. Kol. J\u00d3ZEF JANKOWSKI<\/strong><br \/>\nUr. 9 IV 1927r. w Terpi\u0142owiczach<br \/>\nZm. 14 IV 2006r.<\/p>\n<p>\u017bo\u0142nierz 82 pp. 30 Poleskiej DP AK<br \/>\nZ\u0142o\u017cy\u0142 przysi\u0119g\u0119 w styczniu 1944r. w plac\u00f3wce Terpi\u0142owicze,<br \/>\nobw\u00f3d Wysokie Litewskie, dow\u00f3dca plac\u00f3wki Aleksander Szwajkowski ps. \u201eOrze\u0142\u201d.<br \/>\nUczestniczy\u0142 w Akcji \u201eBurza\u201d pod dow\u00f3dztwem por. G\u00f3rnego.<br \/>\nPe\u0142ni\u0142 funkcj\u0119 \u0142\u0105cznika, przewozi\u0142 bro\u0144, przeprowadza\u0142 zmobilizowanych cz\u0142onk\u00f3w plac\u00f3wek do miejsca koncentracji.<br \/>\nPo rozwi\u0105zaniu zgrupowania wr\u00f3ci\u0142 do rodzinnych Terpi\u0142owicz, kt\u00f3re znalaz\u0142y si\u0119 w granicach Bia\u0142orusi.<br \/>\nPrze\u017cywa\u0142 ci\u0119\u017ckie lata pracuj\u0105c w ko\u0142chozie.<br \/>\nDo Polski wr\u00f3ci\u0142 w 1958r.<br \/>\nMieszka\u0142 i pracowa\u0142 w Terespolu.<br \/>\nNie szcz\u0119dzi\u0142 si\u0142 w walce o wolno\u015b\u0107 i niepodleg\u0142o\u015b\u0107 Ojczyzny.<br \/>\nBy\u0142 wzorowym \u017co\u0142nierzem.<\/p>\n<p><strong>\u015a.P. MARIA \u017bUREK<\/strong><br \/>\nPs. \u201eSTOKROTKA\u201d, \u201eJADWIGA POLESIA\u201d<br \/>\nUr. 7 III 1930r. w Brze\u015bciu n. Bugiem<br \/>\nZm. 13 VII 2008r.<\/p>\n<p>W 1937r. rozpocz\u0119\u0142a nauk\u0119 w Szkole Podstawowej Nr 2 w Brze\u015bciu n. Bugiem.<br \/>\n17 wrze\u015bnia 1939r. Brze\u015b\u0107 znalaz\u0142 si\u0119 pod okupacj\u0105 sowieck\u0105, a od czerwca 1941r. pod okupacj\u0105 niemieck\u0105.<br \/>\nMaria \u017burek kontynuowa\u0142a swoj\u0105 edukacj\u0119 w tajnych kompletach prowadzonych przez dyrektora gimnazjum p. Jewtuchowicza.<br \/>\nW maju 1943r. zostali aresztowani jej bracia J\u00f3zef i Tadeusz.<br \/>\nObaj zostali rozstrzelani w odwecie za akcj\u0119 uwolnienia AK-owc\u00f3w<br \/>\nwi\u0119zienia w Pi\u0144sku.<br \/>\nOd 22 lipca 1944r. Brze\u015b\u0107 podlega\u0142 administracji radzieckiej.<br \/>\nZdezorientowana zaistnia\u0142\u0105 sytuacj\u0105 polska m\u0142odzie\u017c, kt\u00f3ra mieszka\u0142a na tych terenach, masowo wst\u0119powa\u0142a do \u201eZwi\u0105zku Obro\u0144c\u00f3w Wolno\u015bci\u201d- tajnej organizacji, powsta\u0142ej dzi\u0119ki by\u0142ym AK-owcom oraz \u017co\u0142nierzom<br \/>\ndywizji gen. Franciszka Kleeberga.<\/p>\n<p>W 1947r. Maria \u017burek wst\u0119puje do ZOW.<br \/>\nDzia\u0142a aktywnie w tej organizacji pod pseudonimami \u201eStokrotka\u201d i \u201eJadwiga Polesia\u201d.<br \/>\n29lipca 1948r. zostaje aresztowana i skazana przez Trybuna\u0142 Wojskowy w Brze\u015bciu na 25 lat ci\u0119\u017ckich rob\u00f3t w sowieckich \u0142agrach.<br \/>\nAreszty odby\u0142a w Moskwie, Krasnaja Presna i Kirowie, sk\u0105d zosta\u0142a przewieziona do \u0142agr\u00f3w w Workucie(nr 203 13),<br \/>\nw Predszachtnaja(nr 22319), a nast\u0119pnie przebywa\u0142a w Abizie i Incie.<br \/>\nW lutym 1955r. przewieziona zosta\u0142a do jednego z oboz\u00f3w w Kazachstanie,<br \/>\nz kt\u00f3rego 20 wrze\u015bnia 1955r. zosta\u0142a warunkowo zwolniona i przewieziona do Karagandy na zes\u0142anie.<br \/>\nDzi\u0119ki staraniom rodziny mieszkaj\u0105cej w Polsce wr\u00f3ci\u0142a do kraju 3 sierpnia 1956r. i zamieszka\u0142a w Bia\u0142ej Podlaskiej. Tu rozpocz\u0119\u0142a prac\u0119 i wysz\u0142a za m\u0105\u017c.<br \/>\nNale\u017ca\u0142a do Zwi\u0105zku Sybirak\u00f3w, do Stowarzyszenia \u0141agiernik\u00f3w \u017bo\u0142nierzy AK, a od 25 X 1944r. by\u0142a cz\u0142onkiem zwyczajnym Okr\u0119gu Poleskiego \u015aZ\u017bAK.<\/p>\n<p>Za dzia\u0142alno\u015b\u0107 niepodleg\u0142o\u015bciow\u0105 odznaczona:<br \/>\nOdznak\u0105 \u201eWeteran Walk o Niepodleg\u0142o\u015b\u0107\u201d<br \/>\nMedalem pami\u0105tkowym \u201eAkcja Burza\u201d<br \/>\nPogrzeb odby\u0142 si\u0119 15 VII 2008r. na cmentarzu Parafialnym w Bia\u0142ej Podlaskiej.<\/p>\n<p><strong>\u015a.P. Ppor. IRENA MALINOWSKA<\/strong><br \/>\nPs. \u201eIRENA\u201d<br \/>\nZm. 16 V 2008r.<\/p>\n<p>Zaprzysi\u0119\u017cona AK 1 V 1943r. przez dow\u00f3dc\u0119 grupy dywersyjnej Wiktora Kazimierza Zeryngera w Brze\u015bciu.<br \/>\nBra\u0142a czynny udzia\u0142 w grupach sabota\u017cowych prowadzonych przez dru\u017cyn\u0119 \u201eGrzechotka\u201d.<br \/>\nR\u00f3wnocze\u015bnie ko\u0144czy\u0142a kurs dla sanitariuszek.<br \/>\nW marcu 1944r. po wielkiej wsypie w Okr\u0119gu Twierdza Brze\u015b\u0107 zosta\u0142a skierowana na plac\u00f3wk\u0119 Lassoty.<br \/>\nBra\u0142a czynny udzia\u0142 w Akcji \u201eBurza\u201d.<br \/>\nOddzia\u0142 zosta\u0142 rozbrojony w sierpniu 1944r. podczas marszu na Warszaw\u0119.<br \/>\nUnikn\u0119\u0142a aresztu przez NKWD i wr\u00f3ci\u0142a do Brze\u015bcia.<br \/>\nPo wojnie osiedli\u0142a si\u0119 w Bia\u0142ej Podlaskiej.<br \/>\nBy\u0142a wieloletnim kierownikiem Domu Ksi\u0105\u017cki.<\/p>\n<p>Odznaczona:<br \/>\nKrzy\u017cem Orderu Odrodzenia Polski<br \/>\nZ\u0142otym Krzy\u017cem Zas\u0142ugi<br \/>\nKrzy\u017cem Partyzanckim<br \/>\nWieloma medalami resortowymi<\/p>\n","protected":false},"excerpt":{"rendered":"<p>Odeszli na wieczn\u0105 wart\u0119 \u015a.P. pp\u0142k Miros\u0142aw Kazimierz Spiechowicz ps. \u201eSok\u00f3\u0142\u201d Urodzony 30 pa\u017adziernika 1924 roku w Warszawie.\u017bo\u0142nierz Armii Krajowej w Warszawskim Okr\u0119gu AK, WiN. Uczestnik walk w Warszawie i na Polesiu. Od czerwca 1944 roku zast\u0119pca dow\u00f3dcy kompanii w 82. pu\u0142ku piechoty 30. Dywizji Piechoty AK.Uczestnik walk z Niemcami w Lasach Nurzeckich.Cz\u0142onek Mazowieckiej Rady &hellip; <\/p>\n<p><a class=\"more-link btn\" href=\"http:\/\/grabanow.tau.pl\/wp\/?page_id=54\">Kontynuuj czytanie<\/a><\/p>\n","protected":false},"author":1,"featured_media":0,"parent":0,"menu_order":0,"comment_status":"open","ping_status":"open","template":"","meta":[],"_links":{"self":[{"href":"http:\/\/grabanow.tau.pl\/wp\/index.php?rest_route=\/wp\/v2\/pages\/54"}],"collection":[{"href":"http:\/\/grabanow.tau.pl\/wp\/index.php?rest_route=\/wp\/v2\/pages"}],"about":[{"href":"http:\/\/grabanow.tau.pl\/wp\/index.php?rest_route=\/wp\/v2\/types\/page"}],"author":[{"embeddable":true,"href":"http:\/\/grabanow.tau.pl\/wp\/index.php?rest_route=\/wp\/v2\/users\/1"}],"replies":[{"embeddable":true,"href":"http:\/\/grabanow.tau.pl\/wp\/index.php?rest_route=%2Fwp%2Fv2%2Fcomments&post=54"}],"version-history":[{"count":3,"href":"http:\/\/grabanow.tau.pl\/wp\/index.php?rest_route=\/wp\/v2\/pages\/54\/revisions"}],"predecessor-version":[{"id":7362,"href":"http:\/\/grabanow.tau.pl\/wp\/index.php?rest_route=\/wp\/v2\/pages\/54\/revisions\/7362"}],"wp:attachment":[{"href":"http:\/\/grabanow.tau.pl\/wp\/index.php?rest_route=%2Fwp%2Fv2%2Fmedia&parent=54"}],"curies":[{"name":"wp","href":"https:\/\/api.w.org\/{rel}","templated":true}]}}