{"id":56,"date":"2014-11-24T13:29:58","date_gmt":"2014-11-24T13:29:58","guid":{"rendered":"http:\/\/grabanow.tau.pl\/wp\/?page_id=56"},"modified":"2014-11-24T13:30:56","modified_gmt":"2014-11-24T13:30:56","slug":"patron","status":"publish","type":"page","link":"http:\/\/grabanow.tau.pl\/wp\/?page_id=56","title":{"rendered":"Patron"},"content":{"rendered":"<div class=\"entry-content clearfix\">\n<p><strong>Historia 30 Poleskiej Dywizji Piechoty AK<\/strong><\/p>\n<p>30 Poleska DP AK jest kontynuatork\u0105 chlubnych tradycji polskich pu\u0142k\u00f3w syberyjskich, z lat 1917-1921 oraz 30 DP WP i Samodzielnej Grupy Operacyjnej Polesie gen. Franciszka Kleeberga, walcz\u0105cych w Wojnie Obronnej 1939r. Po upadku kampanii wrze\u015bniowej, \u017co\u0142nierze, kt\u00f3rzy prze\u017cyli i nie zostali uwi\u0119zieni przez NKWD przeszli do konspiracji wznawiaj\u0105c dzia\u0142alno\u015b\u0107 organizacji: S\u0142u\u017cba Zwyci\u0119stwu Polski (SZP), Zwi\u0105zek Walki Zbrojnej (ZWZ) i Armia Krajowa (AK)<\/p>\n<p>Na terenie Polesia dzia\u0142a\u0142 III odcinek Wachlarza, kt\u00f3rego dow\u00f3dc\u0105 by\u0142 cichociemny kapitan \u201eWania\u201d, dr Alfred Paczkowski, p\u00f3\u017aniejszy dow\u00f3dca oddzia\u0142u partyzanckiego stanowi\u0105cego zal\u0105\u017cek 84pp. odtwarzanej podczas akcji \u201eBurza\u201d 30 Poleskiej Dywizji Piechoty AK.<\/p>\n<p>Przed odtworzeniem 30 DP AK, na Polesiu dzia\u0142a\u0142o kilka akowskich oddzia\u0142\u00f3w partyzanckich, czyni\u0105cych znaczne szkody administracji okupanta<br \/>\ni anga\u017cuj\u0105cych jego si\u0142y zbrojne w walki na terenie Polesia.<\/p>\n<p>W czasie odtwarzania i po odtworzeniu 30 DP AK poleskie oddzia\u0142y AK stoczy\u0142y szereg walk i potyczek z nieprzyjacielem. Groby \u017co\u0142nierzy znajduj\u0105 si\u0119 m.in. w \u017babince, w Wierzchowicach, a wiele jest rozproszonych po ca\u0142ym Polesiu.<\/p>\n<p>Na terenie Szko\u0142y Podstawowej w Grabanowie mie\u015bci\u0142 si\u0119 sztab generalny 30 Poleskiej Dywizji Piechoty AK. Po koncentracji w Grabanowie, Julkowie i Wilczynie, 30 DP AK, dowodzona przez cichociemnego, podpu\u0142kownika \u201eTrzask\u0119\u201d, \u201eLe\u015bnego\u201d \u2013 Henryka Krajewskiego, wykonuj\u0105c rozkaz genera\u0142a Komorowskiego \u201eBora\u201d \u2013 komendanta G\u0142\u00f3wnego AK, rozpocz\u0119\u0142a marsz na pomoc walcz\u0105cej Warszawie. Celem zmylenia sowieckiej bariery, zosta\u0142a podzielona na trzy zasadnicze grupy. Ponown\u0105 koncentracj\u0119 wyznaczono w rejonie wsi Siwianka- Glinianka k. Otwocka. W dniu 18.08.1944 r. dotar\u0142a tam wi\u0119kszo\u015b\u0107 oddzia\u0142\u00f3w. 30 DP AK jako jedyny zwi\u0105zek operacyjny dotar\u0142 ze wschodu na przedpola walcz\u0105cej Warszawy. Pod pretekstem skierowania na nadwi\u015bla\u0144ski przycz\u00f3\u0142ek, znaczna cz\u0119\u015b\u0107 Dywizji zosta\u0142a skierowana przez sztab Armii Czerwonej do\u00a0 miejscowo\u015bci D\u0119be Wielkie i tam rozbrojona. Bezpo\u015brednio po tym, oficer\u00f3w przewieziono do Brze\u015bcia, a stamt\u0105d do oboz\u00f3w NKWD w Riazaniu. Pozostali \u017co\u0142nierze zostali przewiezieni do obozu Majdanek Lublin, gdzie dokonano selekcji. Cz\u0119\u015bci \u017co\u0142nierzy uda\u0142o si\u0119 uciec z obozu, a pozosta\u0142ych wywieziono do obozu w Borowiczach, cz\u0119\u015b\u0107 wst\u0105pi\u0142a do Armii Berlinga, a pozosta\u0142ych wcielono do karnych kompanii.<\/p>\n<p>Patronowie Szko\u0142y:<br \/>\nzwi\u0105zani z dzia\u0142alno\u015bci\u0105 30 Poleskiej Dywizji Piechoty AK, \u015awiatowym Zwi\u0105zkiem \u017bo\u0142nierzy AK \u2013 Okr\u0119gu Poleskiego,<br \/>\nMiros\u0142aw Spiechowicz<br \/>\nAlicja Szostak<br \/>\nStanis\u0142aw Szostak<br \/>\nJan Kreutz<br \/>\nJerzy Pietrusi\u0144ski<br \/>\nStanis\u0142aw Sielutin<br \/>\nRegina Jarz\u0105bek<br \/>\nZofia Pomorska<br \/>\nJan Kobyli\u0144ski<br \/>\nBarbara Pietrusi\u0144ska<br \/>\nKazimierz Kobyli\u0144ski<br \/>\nJanusz Pomorski<br \/>\nBo\u017cena Paszkiewicz<br \/>\nMaria \u017burek<br \/>\nLeon Kotowski<br \/>\nKrystyna Trzeciak<br \/>\nLeon Trzeciak<br \/>\nAnna Zerynger<br \/>\nRomuald Zerynger<br \/>\nIrena Malinowska<br \/>\nJ\u00f3zef Jankowski<br \/>\nPrzemys\u0142aw Ranachowski<br \/>\nZofia Terpi\u0142owska<br \/>\nFlorian Terpi\u0142owski<br \/>\nHalina Mazurek<br \/>\nHenryk Mazurek<br \/>\nJ\u00f3zef G\u0142adoch<\/p>\n<\/div>\n","protected":false},"excerpt":{"rendered":"<p>Historia 30 Poleskiej Dywizji Piechoty AK 30 Poleska DP AK jest kontynuatork\u0105 chlubnych tradycji polskich pu\u0142k\u00f3w syberyjskich, z lat 1917-1921 oraz 30 DP WP i Samodzielnej Grupy Operacyjnej Polesie gen. Franciszka Kleeberga, walcz\u0105cych w Wojnie Obronnej 1939r. Po upadku kampanii wrze\u015bniowej, \u017co\u0142nierze, kt\u00f3rzy prze\u017cyli i nie zostali uwi\u0119zieni przez NKWD przeszli do konspiracji wznawiaj\u0105c dzia\u0142alno\u015b\u0107 &hellip; <\/p>\n<p><a class=\"more-link btn\" href=\"http:\/\/grabanow.tau.pl\/wp\/?page_id=56\">Kontynuuj czytanie<\/a><\/p>\n","protected":false},"author":1,"featured_media":0,"parent":0,"menu_order":0,"comment_status":"open","ping_status":"open","template":"","meta":[],"_links":{"self":[{"href":"http:\/\/grabanow.tau.pl\/wp\/index.php?rest_route=\/wp\/v2\/pages\/56"}],"collection":[{"href":"http:\/\/grabanow.tau.pl\/wp\/index.php?rest_route=\/wp\/v2\/pages"}],"about":[{"href":"http:\/\/grabanow.tau.pl\/wp\/index.php?rest_route=\/wp\/v2\/types\/page"}],"author":[{"embeddable":true,"href":"http:\/\/grabanow.tau.pl\/wp\/index.php?rest_route=\/wp\/v2\/users\/1"}],"replies":[{"embeddable":true,"href":"http:\/\/grabanow.tau.pl\/wp\/index.php?rest_route=%2Fwp%2Fv2%2Fcomments&post=56"}],"version-history":[{"count":1,"href":"http:\/\/grabanow.tau.pl\/wp\/index.php?rest_route=\/wp\/v2\/pages\/56\/revisions"}],"predecessor-version":[{"id":57,"href":"http:\/\/grabanow.tau.pl\/wp\/index.php?rest_route=\/wp\/v2\/pages\/56\/revisions\/57"}],"wp:attachment":[{"href":"http:\/\/grabanow.tau.pl\/wp\/index.php?rest_route=%2Fwp%2Fv2%2Fmedia&parent=56"}],"curies":[{"name":"wp","href":"https:\/\/api.w.org\/{rel}","templated":true}]}}