{"id":7,"date":"2014-11-24T09:28:31","date_gmt":"2014-11-24T09:28:31","guid":{"rendered":"http:\/\/grabanow.tau.pl\/wp\/?page_id=7"},"modified":"2022-08-01T14:09:15","modified_gmt":"2022-08-01T14:09:15","slug":"podreczniki","status":"publish","type":"page","link":"http:\/\/grabanow.tau.pl\/wp\/?page_id=7","title":{"rendered":"Podr\u0119czniki 2022\/2023"},"content":{"rendered":"\n<p><a href=\"http:\/\/grabanow.tau.pl\/wp\/wp-content\/uploads\/2022\/06\/SZKOLNY-ZESTAW-PODRECZNIKOW-2022-232-1.doc\">SZKOLNY ZESTAW PODR\u0118CZNIK\u00d3W 2022-2023<\/a><\/p>\n<p><a href=\"http:\/\/grabanow.tau.pl\/wp\/wp-content\/uploads\/2022\/06\/SZKOLNY-ZESTAW-PODRECZNIKOW-DO-RELIGII-2022-23.doc\">SZKOLNY ZESTAW PODR\u0118CZNIK\u00d3W DO RELIGII 2022-23<\/a> &#8211; kupuj\u0105 rodzice<\/p>\n<p><a href=\"http:\/\/grabanow.tau.pl\/wp\/wp-content\/uploads\/2022\/08\/wyprawka-do-klasy-1.docx\">wyprawka &#8211; klasa 1<\/a><\/p>\n<p><a href=\"http:\/\/grabanow.tau.pl\/wp\/wp-content\/uploads\/2022\/06\/podreczniki-kl-01-1.docx\">podr\u0119czniki\u00a0 kl 0<\/a><\/p>\n<p><a href=\"http:\/\/grabanow.tau.pl\/wp\/wp-content\/uploads\/2022\/06\/wyprawka-kl.-0-2.docx\">wyprawka kl. 0<\/a><\/p>\n<p><a href=\"http:\/\/grabanow.tau.pl\/wp\/wp-content\/uploads\/2022\/06\/Wyprawka-i-podreczniki-Punkt-Przedszkony-1.docx\">wyprawka i podr\u0119czniki Punkt Przedszkolny<\/a><\/p>\n<p>\u00a0<\/p>\n\n\n","protected":false},"excerpt":{"rendered":"<p>SZKOLNY ZESTAW PODR\u0118CZNIK\u00d3W 2022-2023 SZKOLNY ZESTAW PODR\u0118CZNIK\u00d3W DO RELIGII 2022-23 &#8211; kupuj\u0105 rodzice wyprawka &#8211; klasa 1 podr\u0119czniki\u00a0 kl 0 wyprawka kl. 0 wyprawka i podr\u0119czniki Punkt Przedszkolny \u00a0<\/p>\n","protected":false},"author":1,"featured_media":0,"parent":0,"menu_order":0,"comment_status":"open","ping_status":"open","template":"","meta":[],"_links":{"self":[{"href":"http:\/\/grabanow.tau.pl\/wp\/index.php?rest_route=\/wp\/v2\/pages\/7"}],"collection":[{"href":"http:\/\/grabanow.tau.pl\/wp\/index.php?rest_route=\/wp\/v2\/pages"}],"about":[{"href":"http:\/\/grabanow.tau.pl\/wp\/index.php?rest_route=\/wp\/v2\/types\/page"}],"author":[{"embeddable":true,"href":"http:\/\/grabanow.tau.pl\/wp\/index.php?rest_route=\/wp\/v2\/users\/1"}],"replies":[{"embeddable":true,"href":"http:\/\/grabanow.tau.pl\/wp\/index.php?rest_route=%2Fwp%2Fv2%2Fcomments&post=7"}],"version-history":[{"count":63,"href":"http:\/\/grabanow.tau.pl\/wp\/index.php?rest_route=\/wp\/v2\/pages\/7\/revisions"}],"predecessor-version":[{"id":10298,"href":"http:\/\/grabanow.tau.pl\/wp\/index.php?rest_route=\/wp\/v2\/pages\/7\/revisions\/10298"}],"wp:attachment":[{"href":"http:\/\/grabanow.tau.pl\/wp\/index.php?rest_route=%2Fwp%2Fv2%2Fmedia&parent=7"}],"curies":[{"name":"wp","href":"https:\/\/api.w.org\/{rel}","templated":true}]}}