{"id":7507,"date":"2020-04-26T13:04:01","date_gmt":"2020-04-26T13:04:01","guid":{"rendered":"http:\/\/grabanow.tau.pl\/wp\/?page_id=7507"},"modified":"2022-02-10T14:23:02","modified_gmt":"2022-02-10T14:23:02","slug":"rekrutacja-do-szkol-ponadpodstawowych","status":"publish","type":"page","link":"http:\/\/grabanow.tau.pl\/wp\/?page_id=7507","title":{"rendered":"Rekrutacja do szk\u00f3\u0142 ponadpodstawowych"},"content":{"rendered":"<p>Informacje o rekrutacji do szk\u00f3\u0142 ponadpodstawowych mo\u017cna uzyska\u0107 na stronie Kuratorium O\u015bwiaty w Lublinie<\/p>\n<p>https:\/\/www.kuratorium.lublin.pl\/<\/p>\n","protected":false},"excerpt":{"rendered":"<p>Informacje o rekrutacji do szk\u00f3\u0142 ponadpodstawowych mo\u017cna uzyska\u0107 na stronie Kuratorium O\u015bwiaty w Lublinie https:\/\/www.kuratorium.lublin.pl\/<\/p>\n","protected":false},"author":1,"featured_media":0,"parent":0,"menu_order":0,"comment_status":"open","ping_status":"open","template":"","meta":[],"_links":{"self":[{"href":"http:\/\/grabanow.tau.pl\/wp\/index.php?rest_route=\/wp\/v2\/pages\/7507"}],"collection":[{"href":"http:\/\/grabanow.tau.pl\/wp\/index.php?rest_route=\/wp\/v2\/pages"}],"about":[{"href":"http:\/\/grabanow.tau.pl\/wp\/index.php?rest_route=\/wp\/v2\/types\/page"}],"author":[{"embeddable":true,"href":"http:\/\/grabanow.tau.pl\/wp\/index.php?rest_route=\/wp\/v2\/users\/1"}],"replies":[{"embeddable":true,"href":"http:\/\/grabanow.tau.pl\/wp\/index.php?rest_route=%2Fwp%2Fv2%2Fcomments&post=7507"}],"version-history":[{"count":7,"href":"http:\/\/grabanow.tau.pl\/wp\/index.php?rest_route=\/wp\/v2\/pages\/7507\/revisions"}],"predecessor-version":[{"id":9566,"href":"http:\/\/grabanow.tau.pl\/wp\/index.php?rest_route=\/wp\/v2\/pages\/7507\/revisions\/9566"}],"wp:attachment":[{"href":"http:\/\/grabanow.tau.pl\/wp\/index.php?rest_route=%2Fwp%2Fv2%2Fmedia&parent=7507"}],"curies":[{"name":"wp","href":"https:\/\/api.w.org\/{rel}","templated":true}]}}