{"id":8004,"date":"2020-10-28T22:07:33","date_gmt":"2020-10-28T22:07:33","guid":{"rendered":"http:\/\/grabanow.tau.pl\/wp\/?page_id=8004"},"modified":"2021-05-16T20:40:11","modified_gmt":"2021-05-16T20:40:11","slug":"pedagog-szkolny","status":"publish","type":"page","link":"http:\/\/grabanow.tau.pl\/wp\/?page_id=8004","title":{"rendered":"Pedagog szkolny"},"content":{"rendered":"\n<p><a href=\"http:\/\/grabanow.tau.pl\/wp\/wp-content\/uploads\/2021\/05\/Postaw-na-planszowki.pdf\">Postaw na plansz\u00f3wki<\/a><\/p>\n<p><a href=\"http:\/\/grabanow.tau.pl\/wp\/wp-content\/uploads\/2021\/05\/Jak-rozwiazywac-problemy-bez-klotni.pdf\">Jak rozwi\u0105zywa\u0107 problemy bez k\u0142\u00f3tni<\/a><\/p>\n<p><a href=\"http:\/\/grabanow.tau.pl\/wp\/wp-content\/uploads\/2021\/04\/Informacja-w-sprawie-organizacji-pomocy-psych.ped_.-dla-dzieci-uczniow-rodzicow-i-nauczycieli.pdf\">Informacja w sprawie organizacji pomocy psych.ped. dla dzieci, uczni\u00f3w, rodzic\u00f3w i nauczycieli<\/a><\/p>\n<p><a href=\"http:\/\/grabanow.tau.pl\/wp\/wp-content\/uploads\/2021\/03\/Maly-zlosnik-w-kl.1-3.pdf\">Ma\u0142y z\u0142o\u015bnik w kl.1-3<\/a><\/p>\n\n\n\n<p><a href=\"http:\/\/grabanow.tau.pl\/wp\/wp-content\/uploads\/2021\/03\/Depresja-u-dzieci-i-mlodziezy.pdf\">Depresja u dzieci i m\u0142odzie\u017cy<\/a><\/p>\n<p><a href=\"http:\/\/grabanow.tau.pl\/wp\/wp-content\/uploads\/2020\/12\/Jak-zadbac-o-bezpieczenstwo-dzieci-w-sieci-webinarium-dla-Rodzicow.docx\">Jak zadba\u0107 o bezpiecze\u0144stwo dzieci w sieci &#8211; webinarium dla Rodzic\u00f3w<\/a><\/p>\n\n\n\n<p><a href=\"http:\/\/grabanow.tau.pl\/wp\/wp-content\/uploads\/2020\/12\/O-wdziecznosci-slow-kilka....docx\">O wdzi\u0119czno\u015bci s\u0142\u00f3w kilka&#8230;<\/a><\/p>\n<p><a href=\"http:\/\/grabanow.tau.pl\/wp\/wp-content\/uploads\/2020\/12\/Dlaczego-warto-czytac-ksiazki.docx\">Dlaczego warto czyta\u0107 ksi\u0105\u017cki<\/a><\/p>\n\n\n\n<p><a href=\"http:\/\/grabanow.tau.pl\/wp\/wp-content\/uploads\/2020\/12\/Zapobieganie-hejtowi-wsrod-dzieci-i-mlodziezy.docx\">Zapobieganie hejtowi w\u015br\u00f3d dzieci i m\u0142odzie\u017cy<\/a><\/p>\n<p><a href=\"http:\/\/grabanow.tau.pl\/wp\/wp-content\/uploads\/2020\/12\/Filmy-na-rodzinny-wieczor.docx\">Filmy na rodzinny wiecz\u00f3r<\/a><\/p>\n<p><a href=\"http:\/\/grabanow.tau.pl\/wp\/wp-content\/uploads\/2020\/12\/Czas-na-prezenty.....docx\">Czas na prezenty&#8230;.<\/a><\/p>\n<p style=\"text-align: center;\"><strong>&nbsp;<\/strong><strong>Drogi uczniu!<\/strong><\/p>\n<p>Do pedagoga szkolnego mo\u017cesz przyj\u015b\u0107\/napisa\u0107 zawsze gdy:<\/p>\n<ul>\n<li>masz jaki\u015b k\u0142opot i nie potrafisz sobie sam z nim poradzi\u0107,<\/li>\n<li>czujesz, \u017ce nikt Ci\u0119 nie rozumie i jeste\u015b samotny,<\/li>\n<li>masz problemy rodzinne lub znajdujesz si\u0119 w trudnej sytuacji materialnej,<\/li>\n<li>masz ciekawe pomys\u0142y, kt\u00f3rymi chcesz si\u0119 podzieli\u0107,<\/li>\n<li>masz problemy w nauce&#8230;<\/li>\n<li>&#8230; albo po prostu chcesz z kim\u015b porozmawia\u0107 \ud83d\ude42&nbsp;<\/li>\n<\/ul>\n<p>Pedagog szkolny jest&nbsp; po to, aby udziela\u0107 Ci wsparcia i pomocy, jakiej w danym momencie potrzebujesz. Zapewni Ci dyskrecj\u0119, zrozumienie i pomoc w rozwi\u0105zaniu problem\u00f3w.<\/p>\n<p>ZAPRASZAM, POSTARAM SI\u0118 POM\u00d3C<\/p>\n<p style=\"text-align: center;\"><strong>Drogi Rodzicu!<\/strong><\/p>\n<p>Zwr\u00f3\u0107 si\u0119 do pedagoga szkolnego gdy:<\/p>\n<ul>\n<li>niepokoi Ci\u0119 zachowanie dziecka,<\/li>\n<li>chcesz porozmawia\u0107 o dziecku i Twoich &nbsp;relacjach z nim,<\/li>\n<li>masz pytanie dotycz\u0105ce wynik\u00f3w w nauce dziecka i jego funkcjonowania w szkole,<\/li>\n<li>potrzebujesz wsparcia w procesie wychowania,<\/li>\n<li>masz pytania i nie wiesz do kogo si\u0119 z nimi zwr\u00f3ci\u0107,<\/li>\n<li>szukasz pomocy w&nbsp; trudnych&nbsp; sytuacjach \u017cyciowych.&nbsp;&nbsp;&nbsp;&nbsp;&nbsp;&nbsp; &nbsp;&nbsp;&nbsp;&nbsp;&nbsp;&nbsp;&nbsp;&nbsp;&nbsp;&nbsp;&nbsp;&nbsp;&nbsp;&nbsp;&nbsp;&nbsp;&nbsp;&nbsp;&nbsp;<\/li>\n<\/ul>\n<p><strong>Gar\u015b\u0107 dobrych rad dla rodzic\u00f3w, jak pom\u00f3c dziecku uwierzy\u0107 w siebie:<\/strong><\/p>\n<ul>\n<li>obdarzaj dziecko mi\u0142o\u015bci\u0105 bezwarunkow\u0105, kochaj je za to, \u017ce jest, a nie za to, jakie jest,<\/li>\n<li>cz\u0119sto chwal starania i post\u0119py swojego dziecka,<\/li>\n<li>nigdy nie por\u00f3wnuj swojej c\u00f3rki lub syna z innymi dzie\u0107mi, ka\u017cdy jest jedyny i niepowtarzalny, Twoje dziecko ma prawo by\u0107 takim, kim jest oraz rozwija\u0107 si\u0119 we w\u0142asnym kierunku i we w\u0142asnym tempie,<\/li>\n<li>stwarzaj dziecku okazje do nawi\u0105zywania i utrzymywania przyja\u017ani oraz wspieraj podczas pierwszych towarzyskich niepowodze\u0144, pom\u00f3\u017c mu<br>w zrozumieniu regu\u0142 \u017cycia spo\u0142ecznego,<\/li>\n<li>b\u0105d\u017a dla dziecka \u017ar\u00f3d\u0142em pozytywnej wiedzy o nim samym, cz\u0119sto przypominaj mu dobre i radosne chwile z jego \u017cycia,<\/li>\n<li>dodawaj dziecku otuchy i odwagi, szczeg\u00f3lnie wtedy, kiedy si\u0119 czego\u015b obawia lub przera\u017ca je jaka\u015b nowa sytuacja,<\/li>\n<li>nigdy nie odbieraj dziecku nadziei i marze\u0144. Pozw\u00f3l mu zamienia\u0107 najskrytsze pragnienia w fantazj\u0119.<\/li>\n<\/ul>\n<p><strong>&nbsp;<\/strong><\/p>\n<p><strong>Jak m\u00f3wi\u0107 dzieciom o swojej mi\u0142o\u015bci:<\/strong><\/p>\n<ul>\n<li>Kocham Ci\u0119.<\/li>\n<li>Bardzo lubi\u0119 sp\u0119dza\u0107 z Tob\u0105 czas.<\/li>\n<li>Zale\u017cy mi na tym, \u017ceby\u015b by\u0142 szcz\u0119\u015bliwy.<\/li>\n<li>Dobrze, \u017ce jeste\u015b na \u015bwiecie.<\/li>\n<li>Jestem szcz\u0119\u015bliwa, \u017ce mam Ciebie.<\/li>\n<li>Jeste\u015b dla mnie bardzo wa\u017cnym cz\u0142owiekiem.<\/li>\n<li>Jestem z Ciebie dumna.<\/li>\n<li>Mo\u017cesz by\u0107 dumny z siebie.<\/li>\n<li>Dobrze, \u017ce mog\u0119 na Ciebie liczy\u0107.<\/li>\n<li>Wierz\u0119, \u017ce dasz sobie rad\u0119.<\/li>\n<li>Podziwiam Ci\u0119.<\/li>\n<li>Ufam Ci.<\/li>\n<li>Dzi\u0119kuj\u0119 Ci.<\/li>\n<li>Przepraszam Ci\u0119.<\/li>\n<\/ul>\n<p style=\"text-align: center;\"><strong>GODZINY PRACY PEDAGOGA SZKOLNEGO<\/strong><strong>&nbsp;<\/strong><\/p>\n<table>\n<tbody>\n<tr>\n<td width=\"183\">\n<p>Wtorek<\/p>\n<\/td>\n<td width=\"193\">\n<p>\u015aroda<\/p>\n<\/td>\n<td width=\"211\">\n<p>Czwartek<\/p>\n<\/td>\n<td width=\"228\">\n<p>Pi\u0105tek<\/p>\n<\/td>\n<\/tr>\n<tr>\n<td width=\"183\">\n<p>9.50 \u2013 10.35<\/p>\n<\/td>\n<td width=\"193\">\n<p>10.50-12.35<\/p>\n<\/td>\n<td width=\"211\">\n<p>13.40 \u2013 14.30<\/p>\n<\/td>\n<td width=\"228\">\n<p>9.50-10.40<\/p>\n<p>12.45 \u2013 13.35<\/p>\n<\/td>\n<\/tr>\n<\/tbody>\n<\/table>\n<p>&nbsp;<\/p>\n<p><strong>Je\u017celi potrzebujecie Pa\u0144stwo mojej pomocy czy wsparcia w jakiej\u015b kwestii (szczeg\u00f3lnie w czasie nauczania zdalnego) prosz\u0119 kontaktowa\u0107 si\u0119 ze mn\u0105 przez dziennik elektroniczny lub adres mailowy <\/strong><a href=\"mailto:dorisgrabanow@gmail.com\"><strong>dorisgrabanow@gmail.com<\/strong><\/a><strong>. Jestem do Pa\u0144stwa dyspozycji, r\u00f3wnie\u017c w godzinach innych ni\u017c wymienione powy\u017cej.<\/strong><\/p>\n<p style=\"text-align: left;\"><strong>Pedagog szkolny<\/strong><\/p>\n<p style=\"text-align: left;\"><strong>Dorota Wo\u017any<\/strong><\/p>\n","protected":false},"excerpt":{"rendered":"<p>Postaw na plansz\u00f3wki Jak rozwi\u0105zywa\u0107 problemy bez k\u0142\u00f3tni Informacja w sprawie organizacji pomocy psych.ped. dla dzieci, uczni\u00f3w, rodzic\u00f3w i nauczycieli Ma\u0142y z\u0142o\u015bnik w kl.1-3 Depresja u dzieci i m\u0142odzie\u017cy Jak zadba\u0107 o bezpiecze\u0144stwo dzieci w sieci &#8211; webinarium dla Rodzic\u00f3w O wdzi\u0119czno\u015bci s\u0142\u00f3w kilka&#8230; Dlaczego warto czyta\u0107 ksi\u0105\u017cki Zapobieganie hejtowi w\u015br\u00f3d dzieci i m\u0142odzie\u017cy Filmy &hellip; <\/p>\n<p><a class=\"more-link btn\" href=\"http:\/\/grabanow.tau.pl\/wp\/?page_id=8004\">Kontynuuj czytanie<\/a><\/p>\n","protected":false},"author":1,"featured_media":0,"parent":0,"menu_order":0,"comment_status":"closed","ping_status":"closed","template":"","meta":[],"_links":{"self":[{"href":"http:\/\/grabanow.tau.pl\/wp\/index.php?rest_route=\/wp\/v2\/pages\/8004"}],"collection":[{"href":"http:\/\/grabanow.tau.pl\/wp\/index.php?rest_route=\/wp\/v2\/pages"}],"about":[{"href":"http:\/\/grabanow.tau.pl\/wp\/index.php?rest_route=\/wp\/v2\/types\/page"}],"author":[{"embeddable":true,"href":"http:\/\/grabanow.tau.pl\/wp\/index.php?rest_route=\/wp\/v2\/users\/1"}],"replies":[{"embeddable":true,"href":"http:\/\/grabanow.tau.pl\/wp\/index.php?rest_route=%2Fwp%2Fv2%2Fcomments&post=8004"}],"version-history":[{"count":9,"href":"http:\/\/grabanow.tau.pl\/wp\/index.php?rest_route=\/wp\/v2\/pages\/8004\/revisions"}],"predecessor-version":[{"id":8645,"href":"http:\/\/grabanow.tau.pl\/wp\/index.php?rest_route=\/wp\/v2\/pages\/8004\/revisions\/8645"}],"wp:attachment":[{"href":"http:\/\/grabanow.tau.pl\/wp\/index.php?rest_route=%2Fwp%2Fv2%2Fmedia&parent=8004"}],"curies":[{"name":"wp","href":"https:\/\/api.w.org\/{rel}","templated":true}]}}