{"id":8247,"date":"2021-02-10T14:45:21","date_gmt":"2021-02-10T14:45:21","guid":{"rendered":"http:\/\/grabanow.tau.pl\/wp\/?page_id=8247"},"modified":"2021-04-29T11:05:10","modified_gmt":"2021-04-29T11:05:10","slug":"sko","status":"publish","type":"page","link":"http:\/\/grabanow.tau.pl\/wp\/?page_id=8247","title":{"rendered":"SKO"},"content":{"rendered":"\n<ul>\n<li><a href=\"http:\/\/grabanow.tau.pl\/wp\/wp-content\/uploads\/2021\/04\/Osw_Zgoda-na-przystapienie-dziecka-do-SKO.doc\"><span style=\"color: #0000ff;\"><em><span style=\"font-size: 10pt; font-family: 'Trebuchet MS', sans-serif;\">Formularz dotycz\u0105cy za\u0142o\u017cenia konta &#8211; Zgoda na przyst\u0105pienie dziecka do SKO<\/span><\/em><\/span><\/a><\/li>\n<li><a href=\"http:\/\/grabanow.tau.pl\/wp\/wp-content\/uploads\/2021\/04\/Jak-dziala-SKO.docx\"><em><span style=\"color: #0000ff;\">Jak dzia\u0142a SKO<\/span><\/em><\/a><\/li>\n<li><a href=\"http:\/\/grabanow.tau.pl\/wp\/wp-content\/uploads\/2021\/04\/historia-SKO-w-pigulce.docx\"><span style=\"color: #0000ff;\"><em>Historia SKO w pigu\u0142ce<\/em><\/span><\/a><\/li>\n<\/ul>\n<p>\u00a0<\/p>\n<p><a href=\"http:\/\/grabanow.tau.pl\/wp\/wp-content\/uploads\/2021\/02\/1.png\"><img decoding=\"async\" loading=\"lazy\" class=\"alignnone size-full wp-image-8246\" src=\"http:\/\/grabanow.tau.pl\/wp\/wp-content\/uploads\/2021\/02\/1.png\" alt=\"\" width=\"640\" height=\"440\" srcset=\"http:\/\/grabanow.tau.pl\/wp\/wp-content\/uploads\/2021\/02\/1.png 640w, http:\/\/grabanow.tau.pl\/wp\/wp-content\/uploads\/2021\/02\/1-300x206.png 300w, http:\/\/grabanow.tau.pl\/wp\/wp-content\/uploads\/2021\/02\/1-555x382.png 555w\" sizes=\"(max-width: 640px) 100vw, 640px\" \/><\/a><\/p>\n<p>\u00a0<\/p>\n<p>\u00a0<\/p>\n<p>\u00a0<\/p>\n","protected":false},"excerpt":{"rendered":"<p>Formularz dotycz\u0105cy za\u0142o\u017cenia konta &#8211; Zgoda na przyst\u0105pienie dziecka do SKO Jak dzia\u0142a SKO Historia SKO w pigu\u0142ce \u00a0 \u00a0 \u00a0 \u00a0<\/p>\n","protected":false},"author":1,"featured_media":8246,"parent":0,"menu_order":0,"comment_status":"closed","ping_status":"closed","template":"","meta":[],"_links":{"self":[{"href":"http:\/\/grabanow.tau.pl\/wp\/index.php?rest_route=\/wp\/v2\/pages\/8247"}],"collection":[{"href":"http:\/\/grabanow.tau.pl\/wp\/index.php?rest_route=\/wp\/v2\/pages"}],"about":[{"href":"http:\/\/grabanow.tau.pl\/wp\/index.php?rest_route=\/wp\/v2\/types\/page"}],"author":[{"embeddable":true,"href":"http:\/\/grabanow.tau.pl\/wp\/index.php?rest_route=\/wp\/v2\/users\/1"}],"replies":[{"embeddable":true,"href":"http:\/\/grabanow.tau.pl\/wp\/index.php?rest_route=%2Fwp%2Fv2%2Fcomments&post=8247"}],"version-history":[{"count":4,"href":"http:\/\/grabanow.tau.pl\/wp\/index.php?rest_route=\/wp\/v2\/pages\/8247\/revisions"}],"predecessor-version":[{"id":8633,"href":"http:\/\/grabanow.tau.pl\/wp\/index.php?rest_route=\/wp\/v2\/pages\/8247\/revisions\/8633"}],"wp:featuredmedia":[{"embeddable":true,"href":"http:\/\/grabanow.tau.pl\/wp\/index.php?rest_route=\/wp\/v2\/media\/8246"}],"wp:attachment":[{"href":"http:\/\/grabanow.tau.pl\/wp\/index.php?rest_route=%2Fwp%2Fv2%2Fmedia&parent=8247"}],"curies":[{"name":"wp","href":"https:\/\/api.w.org\/{rel}","templated":true}]}}