{"id":8986,"date":"2020-09-28T10:40:00","date_gmt":"2020-09-28T10:40:00","guid":{"rendered":"http:\/\/grabanow.tau.pl\/wp\/?page_id=8986"},"modified":"2021-09-28T10:56:31","modified_gmt":"2021-09-28T10:56:31","slug":"deklaracja-dostepnosci","status":"publish","type":"page","link":"http:\/\/grabanow.tau.pl\/wp\/?page_id=8986","title":{"rendered":"Deklaracja dost\u0119pno\u015bci"},"content":{"rendered":"\n<p><strong>Instrukcja u\u0142atwie\u0144 dost\u0119pu dla\u00a0 Szko\u0142y Podstawowej im. 30 Poleskiej Dywizji Piechoty AK w Grabanowie, Graban\u00f3w 49A, 21-500 Bia\u0142a Podlaska woj. Lubelskie<\/strong><\/p>\n<p style=\"text-align: justify;\">ORGANIZACJA zobowi\u0105zuje si\u0119 zapewni\u0107 dost\u0119pno\u015b\u0107 swojej strony internetowej zgodnie z przepisami ustawy z dnia 4 kwietnia 2019 r. o dost\u0119pno\u015bci cyfrowej stron internetowych i aplikacji mobilnych podmiot\u00f3w publicznych. O\u015bwiadczenie w sprawie dost\u0119pno\u015bci ma zastosowanie do strony internetowej<\/p>\n<p><strong>\u015arodki wspieraj\u0105ce dost\u0119pno\u015b\u0107<\/strong><\/p>\n<p>Szko\u0142a Podstawowa im. 30 Poleskiej Dywizji Piechoty AK w Grabanowie podejmuje nast\u0119puj\u0105ce dzia\u0142ania w celu zapewnienia dost\u0119pno\u015bci\u00a0Szko\u0142y Podstawowej w Grabanowie<\/p>\n<ul>\n<li>Uwzgl\u0119dnij dost\u0119pno\u015b\u0107 jako cz\u0119\u015b\u0107 naszej misji.<\/li>\n<\/ul>\n<p><strong>Stan zgodno\u015bci<\/strong><\/p>\n<p><a href=\"https:\/\/www.w3.org\/WAI\/standards-guidelines\/wcag\/\">Wytyczne dotycz\u0105ce u\u0142atwie\u0144 dost\u0119pu do zawarto\u015bci sieci Web (WCAG)<\/a><\/p>\n<p>Strona internetowa jest cz\u0119\u015bciowo zgodna z ustaw\u0105 z dnia 4 kwietnia 2019 r. o dost\u0119pno\u015bci cyfrowej stron internetowych i aplikacji mobilnych podmiot\u00f3w publicznych.<\/p>\n<p><strong>Informacje zwrotne i dane kontaktowe<\/strong><\/p>\n<p style=\"text-align: justify;\">Czekamy na Wasze opinie na temat dost\u0119pno\u015bci\u00a0Szko\u0142y Podstawowej w Grabanowie, Graban\u00f3w 49A, 21-500 Bia\u0142a Podlaska woj. Lubelskie. Daj nam zna\u0107, je\u015bli napotkasz bariery dost\u0119pno\u015bci na\u00a0Szkole Podstawowej w Grabanowie. W przypadku problem\u00f3w z dost\u0119pno\u015bci\u0105 strony internetowej prosimy o kontakt.<\/p>\n<ul>\n<li>Telefon:\u00a0+83 342-01-18<\/li>\n<li>Wiadomo\u015bci e\u2011mail:\u00a0<a href=\"mailto:spgrabanow1@gmail.com\">spgrabanow1@gmail.com<\/a><\/li>\n<li>e-mail: <a href=\"mailto:spgrabanow@interia.pl\">spgrabanow@interia.pl<\/a> &#8211; dyrektor<\/li>\n<li>Adres odwiedzaj\u0105cego:\u00a0Graban\u00f3w 49A<\/li>\n<li>Adres pocztowy:\u00a021-500 Bia\u0142a Podlaska, woj. Lubelskie<\/li>\n<\/ul>\n<p style=\"text-align: justify;\">Ka\u017cdy ma prawo do wyst\u0105pienia z \u017c\u0105daniem zapewnienia dost\u0119pno\u015bci cyfrowej strony internetowej, aplikacji mobilnej lub jakiego\u015b ich elementu. Mo\u017cna tak\u017ce za\u017c\u0105da\u0107 udost\u0119pnienia informacji za pomoc\u0105 alternatywnego sposobu dost\u0119pu, na przyk\u0142ad przez odczytanie niedost\u0119pnego cyfrowo dokumentu, opisanie zawarto\u015bci filmu bez audiodeskrypcji itp. \u017b\u0105danie powinno zawiera\u0107 dane osoby zg\u0142aszaj\u0105cej \u017c\u0105danie, wskazanie, o kt\u00f3r\u0105 stron\u0119 internetow\u0105 lub aplikacj\u0119 mobiln\u0105 chodzi oraz spos\u00f3b kontaktu. Je\u017celi osoba \u017c\u0105daj\u0105ca zg\u0142asza potrzeb\u0119 otrzymania informacji za pomoc\u0105 alternatywnego sposobu dost\u0119pu,, powinna tak\u017ce okre\u015bli\u0107 dogodny dla niej spos\u00f3b przedstawienia tej informacji. Podmiot publiczny powinien zrealizowa\u0107 \u017c\u0105danie niezw\u0142ocznie, nie p\u00f3\u017aniej ni\u017c w ci\u0105gu 7 dni od dnia wyst\u0105pienia z \u017c\u0105daniem. Je\u017celi dotrzymanie tego terminu nie jest mo\u017cliwe, podmiot publiczny niezw\u0142ocznie informuje o tym wnosz\u0105cego \u017c\u0105danie, kiedy realizacja \u017c\u0105dania b\u0119dzie mo\u017cliwa, przy czym termin ten nie mo\u017ce by\u0107 d\u0142u\u017cszy ni\u017c 2 miesi\u0105ce od dnia wyst\u0105pienia z \u017c\u0105daniem. Je\u017celi zapewnienie dost\u0119pno\u015bci cyfrowej nie jest mo\u017cliwe, podmiot publiczny mo\u017ce zaproponowa\u0107 alternatywny spos\u00f3b dost\u0119pu do informacji.<br \/><br \/>W przypadku, gdy podmiot publiczny odm\u00f3wi realizacji \u017c\u0105dania zapewnienia dost\u0119pno\u015bci lub alternatywnego sposobu dost\u0119pu do informacji, wnosz\u0105cy \u017c\u0105danie mo\u017cne z\u0142o\u017cy\u0107 skarg\u0119 w sprawie zapewniana dost\u0119pno\u015bci cyfrowej strony internetowej, aplikacji mobilnej lub elementu strony internetowej, lub aplikacji mobilnej. Po wyczerpaniu wskazanej wy\u017cej procedury mo\u017cna tak\u017ce z\u0142o\u017cy\u0107 wniosek do\u00a0<a href=\"https:\/\/www.rpo.gov.pl\/\">Rzecznika Praw Obywatelskich<\/a>.<\/p>\n<p><strong>Kompatybilno\u015b\u0107 z przegl\u0105darkami i technologi\u0105 pomocnicz\u0105<\/strong><\/p>\n<p style=\"text-align: justify;\">Szko\u0142a Podstawowa im. 30 Poleskiej Dywizji Piechoty AK w Grabanowie ma by\u0107 kompatybilna z\u00a0nast\u0119puj\u0105cymi technologiami wspomagaj\u0105cych:<\/p>\n<ul>\n<li>wszystkie przegl\u0105darki<\/li>\n<\/ul>\n<p><strong>Specyfikacje techniczne<\/strong><\/p>\n<p>Dost\u0119pno\u015b\u0107\u00a0Szko\u0142y Podstawowej im. 30 Poleskiej Dywizji Piechoty AK w Grabanowie\u00a0opiera si\u0119 na nast\u0119puj\u0105cych technologiach do pracy ze szczeg\u00f3lnym po\u0142\u0105czeniem przegl\u0105darki internetowej oraz wszelkich technologii wspomagaj\u0105cych lub wtyczek zainstalowanych na komputerze:<\/p>\n<ul>\n<li>CMS \u2013 WordPress<\/li>\n<li>Html<\/li>\n<li>Css<\/li>\n<li>Javascript<\/li>\n<\/ul>\n<p>Technologie te s\u0105 wykorzystywane w celu dostosowania si\u0119 do stosowanych standard\u00f3w dost\u0119pno\u015bci.<\/p>\n<p><strong>Skr\u00f3ty klawiaturowe<\/strong><\/p>\n<p>Na stronie internetowej mo\u017cna korzysta\u0107 ze standardowych skr\u00f3t\u00f3w klawiaturowych.<\/p>\n<p><strong>Dost\u0119pno\u015b\u0107 architektoniczna<\/strong><\/p>\n<p><strong>Szko\u0142y Podstawowej im. 30 Poleskiej Dywizji Piechoty AK w Grabanowie, Graban\u00f3w 49A, 21-500 Bia\u0142a Podlaska woj. Lubelskie<\/strong><\/p>\n<p style=\"text-align: justify;\"><strong>Opis dost\u0119pno\u015bci wej\u015bcia do budynku i przechodzenia przez obszary kontroli<\/strong><br \/>Wej\u015bcia do budynku szko\u0142y zaprojektowano od strony wschodniej i po\u0142udniowej. Istniej\u0105 dwa dost\u0119pne dla uczni\u00f3w wej\u015bcia. Jedno z nich od strony po\u0142udniowej jest bez stopni i umo\u017cliwia wej\u015bcie dla niepe\u0142nosprawnych. Do drugiego wej\u015bcia prowadz\u0105 schody oraz rampa dla niepe\u0142nosprawnych . Istniej\u0105 jeszcze dwa wej\u015bcia od strony zachodniej i p\u00f3\u0142nocnej , prowadz\u0105ce wprost z boiska i parkingu. Wej\u015bcia te s\u0105 na tym samym poziomie co poziom parkingu.. Wej\u015bciami tymi wchodz\u0105 tylko pracownicy szko\u0142y s\u0105 wykorzystywane na przerwach lekcyjnych w czasie dobrej pogody.<\/p>\n<p><strong>Opis dost\u0119pno\u015bci korytarzy, schod\u00f3w<\/strong><\/p>\n<p style=\"text-align: justify;\">W starej i nowej cz\u0119\u015bci szko\u0142y istniej\u0105 2 kondygnacje: parter z szatniami uczni\u00f3w klas 1-8. \u00a0Z Parteru schodami mo\u017cna si\u0119 dosta\u0107 na pi\u0119tro z trzema pracowniami. W Starej cz\u0119\u015bci szko\u0142y na pi\u0119tro nie wjedzie osoba na w\u00f3zku inwalidzkim. Nowa cz\u0119\u015b\u0107 szko\u0142y jest dostosowana do potrzeb os\u00f3b poruszaj\u0105cych si\u0119 na w\u00f3zkach. Sala gimnastyczna \u00a0\u00a0znajduje si\u0119 na parterze i s\u0105 dost\u0119pne dla ka\u017cdego.<\/p>\n<p><strong>Opis dostosowa\u0144, na przyk\u0142ad pochylni, platform, informacji g\u0142osowych, p\u0119tlach indukcyjnych<\/strong><br \/>Szko\u0142a dysponuje przy g\u0142\u00f3wnym wej\u015bciu platform\u0105 \u00a0do potrzeb os\u00f3b poruszaj\u0105cych si\u0119 na w\u00f3zkach<\/p>\n<p><strong>Informacje o miejscu i sposobie korzystania z miejsc parkingowych wyznaczonych dla os\u00f3b niepe\u0142nosprawnych<\/strong><br \/>Miejsce takie znajduje si\u0119 na parkingu od strony wschodniej i jest specjalnie oznakowane.<\/p>\n<p><strong>Informacja o prawie wst\u0119pu z psem asystuj\u0105cym i ewentualnych uzasadnionych ograniczeniach<\/strong><br \/>Na podstawie zarz\u0105dzenia dyrektora szko\u0142y, do budynku szko\u0142y ma prawo wej\u015b\u0107 osoba z psem przewodnikiem\/asystuj\u0105cym.<\/p>\n<p style=\"text-align: justify;\"><strong>Informacje o mo\u017cliwo\u015bci skorzystania z t\u0142umacza j\u0119zyka migowego na miejscu lub online.<\/strong><br \/>Osoby nies\u0142ysz\u0105ce i maj\u0105ce trudno\u015bci w komunikowaniu si\u0119, chc\u0105c za\u0142atwi\u0107 spraw\u0119 w naszej jednostce z pomoc\u0105 t\u0142umacza j\u0119zyka migowego zobowi\u0105zane s\u0105 do zg\u0142oszenia ch\u0119ci skorzystania ze \u015bwiadczenia ze wskazaniem wybranej metody komunikowania si\u0119 z minimum trzydniowym wyprzedzeniem oraz dokonania zg\u0142oszenia w celu rezerwacji wizyty.<\/p>\n<p><strong>Podej\u015bcie do oceny<\/strong><\/p>\n<p>Szko\u0142a Podstawowa im. 30 Poleskiej Dywizji Piechoty AK w Grabanowie oceni\u0142a dost\u0119pno\u015b\u0107 Szko\u0142a Podstawowa im. 30 Poleskiej Dywizji Piechoty AK w Grabanowie przez nast\u0119puj\u0105ce podej\u015bcia:<\/p>\n<ul>\n<li>Samooceny<\/li>\n<\/ul>\n<p><strong>Formalne zatwierdzenie tego o\u015bwiadczenia o dost\u0119pno\u015bci<\/strong><\/p>\n<p>Niniejsze O\u015bwiadczenie o dost\u0119pno\u015bci jest zatwierdzane przez:<\/p>\n<p>Szko\u0142\u0119 Podstawow\u0105 im. 30 Poleskiej Dywizji Piechoty AK w Grabanowie<\/p>\n<ul>\n<li>Dyrektor Szko\u0142y<\/li>\n<\/ul>\n<p>Niniejsze o\u015bwiadczenie zosta\u0142o utworzone\u00a028 wrze\u015bnia 2020\u00a0r. przy u\u017cyciu\u00a0<a href=\"https:\/\/www.w3.org\/WAI\/planning\/statements\/\">narz\u0119dzia W3C Accessibility Statement Generator Tool<\/a>.<\/p>\n","protected":false},"excerpt":{"rendered":"<p>Instrukcja u\u0142atwie\u0144 dost\u0119pu dla\u00a0 Szko\u0142y Podstawowej im. 30 Poleskiej Dywizji Piechoty AK w Grabanowie, Graban\u00f3w 49A, 21-500 Bia\u0142a Podlaska woj. Lubelskie ORGANIZACJA zobowi\u0105zuje si\u0119 zapewni\u0107 dost\u0119pno\u015b\u0107 swojej strony internetowej zgodnie z przepisami ustawy z dnia 4 kwietnia 2019 r. o dost\u0119pno\u015bci cyfrowej stron internetowych i aplikacji mobilnych podmiot\u00f3w publicznych. O\u015bwiadczenie w sprawie dost\u0119pno\u015bci ma zastosowanie &hellip; <\/p>\n<p><a class=\"more-link btn\" href=\"http:\/\/grabanow.tau.pl\/wp\/?page_id=8986\">Kontynuuj czytanie<\/a><\/p>\n","protected":false},"author":1,"featured_media":0,"parent":0,"menu_order":0,"comment_status":"closed","ping_status":"closed","template":"","meta":[],"_links":{"self":[{"href":"http:\/\/grabanow.tau.pl\/wp\/index.php?rest_route=\/wp\/v2\/pages\/8986"}],"collection":[{"href":"http:\/\/grabanow.tau.pl\/wp\/index.php?rest_route=\/wp\/v2\/pages"}],"about":[{"href":"http:\/\/grabanow.tau.pl\/wp\/index.php?rest_route=\/wp\/v2\/types\/page"}],"author":[{"embeddable":true,"href":"http:\/\/grabanow.tau.pl\/wp\/index.php?rest_route=\/wp\/v2\/users\/1"}],"replies":[{"embeddable":true,"href":"http:\/\/grabanow.tau.pl\/wp\/index.php?rest_route=%2Fwp%2Fv2%2Fcomments&post=8986"}],"version-history":[{"count":2,"href":"http:\/\/grabanow.tau.pl\/wp\/index.php?rest_route=\/wp\/v2\/pages\/8986\/revisions"}],"predecessor-version":[{"id":8988,"href":"http:\/\/grabanow.tau.pl\/wp\/index.php?rest_route=\/wp\/v2\/pages\/8986\/revisions\/8988"}],"wp:attachment":[{"href":"http:\/\/grabanow.tau.pl\/wp\/index.php?rest_route=%2Fwp%2Fv2%2Fmedia&parent=8986"}],"curies":[{"name":"wp","href":"https:\/\/api.w.org\/{rel}","templated":true}]}}