{"id":9,"date":"2014-11-24T11:14:38","date_gmt":"2014-11-24T11:14:38","guid":{"rendered":"http:\/\/grabanow.tau.pl\/wp\/?page_id=9"},"modified":"2023-03-03T17:29:19","modified_gmt":"2023-03-03T17:29:19","slug":"kontakt","status":"publish","type":"page","link":"http:\/\/grabanow.tau.pl\/wp\/?page_id=9","title":{"rendered":"Kontakt"},"content":{"rendered":"<p><strong>Szko\u0142a Podstawowa im. 30 Poleskiej Dywizji Piechoty AK w Grabanowie<\/strong><br \/>\n21-500 Bia\u0142a Podlaska<\/p>\n<p>Graban\u00f3w\u00a0 ul. G\u0142owna 47<br \/>\n21-500 Bia\u0142a Podlaska<\/p>\n<p>woj. lubelskie<br \/>\ntel. 83 342-01-18<br \/>\ne-mail: <a href=\"mailto:spgrabanow1@gmail.com\">spgrabanow1@gmail.com<\/a><\/p>\n<p>e-mail: spgrabanow@interia.pl &#8211; dyrektor<br \/>\nwww: <a href=\"http:\/\/www.grabanow.tau.pl\">www.grabanow.tau.pl<\/a><br \/>\n<img decoding=\"async\" src=\"http:\/\/grabanow.tau.pl\/images\/szkola.png\" alt=\"\" \/><\/p>\n","protected":false},"excerpt":{"rendered":"<p>Szko\u0142a Podstawowa im. 30 Poleskiej Dywizji Piechoty AK w Grabanowie 21-500 Bia\u0142a Podlaska Graban\u00f3w\u00a0 ul. G\u0142owna 47 21-500 Bia\u0142a Podlaska woj. lubelskie tel. 83 342-01-18 e-mail: spgrabanow1@gmail.com e-mail: spgrabanow@interia.pl &#8211; dyrektor www: www.grabanow.tau.pl<\/p>\n","protected":false},"author":1,"featured_media":0,"parent":0,"menu_order":0,"comment_status":"open","ping_status":"open","template":"","meta":[],"_links":{"self":[{"href":"http:\/\/grabanow.tau.pl\/wp\/index.php?rest_route=\/wp\/v2\/pages\/9"}],"collection":[{"href":"http:\/\/grabanow.tau.pl\/wp\/index.php?rest_route=\/wp\/v2\/pages"}],"about":[{"href":"http:\/\/grabanow.tau.pl\/wp\/index.php?rest_route=\/wp\/v2\/types\/page"}],"author":[{"embeddable":true,"href":"http:\/\/grabanow.tau.pl\/wp\/index.php?rest_route=\/wp\/v2\/users\/1"}],"replies":[{"embeddable":true,"href":"http:\/\/grabanow.tau.pl\/wp\/index.php?rest_route=%2Fwp%2Fv2%2Fcomments&post=9"}],"version-history":[{"count":5,"href":"http:\/\/grabanow.tau.pl\/wp\/index.php?rest_route=\/wp\/v2\/pages\/9\/revisions"}],"predecessor-version":[{"id":21555,"href":"http:\/\/grabanow.tau.pl\/wp\/index.php?rest_route=\/wp\/v2\/pages\/9\/revisions\/21555"}],"wp:attachment":[{"href":"http:\/\/grabanow.tau.pl\/wp\/index.php?rest_route=%2Fwp%2Fv2%2Fmedia&parent=9"}],"curies":[{"name":"wp","href":"https:\/\/api.w.org\/{rel}","templated":true}]}}